{"id":863,"date":"2024-06-06T21:27:17","date_gmt":"2024-06-06T21:27:17","guid":{"rendered":"https:\/\/ligadonanet.com.br\/bombasseiautomacao\/?page_id=863"},"modified":"2024-06-06T22:03:15","modified_gmt":"2024-06-06T22:03:15","slug":"ifox-2","status":"publish","type":"page","link":"https:\/\/bombasseiautomacao.com.br\/index.php\/ifox-2\/","title":{"rendered":"IFOX"},"content":{"rendered":"\t\t<div data-elementor-type=\"wp-page\" data-elementor-id=\"863\" class=\"elementor elementor-863\">\n\t\t\t\t<div data-particle_enable=\"false\" data-particle-mobile-disabled=\"false\" class=\"elementor-element elementor-element-de46aeb e-flex e-con-boxed wpr-particle-no wpr-jarallax-no wpr-parallax-no wpr-sticky-section-no e-con e-parent\" data-id=\"de46aeb\" data-element_type=\"container\" data-settings=\"{&quot;background_background&quot;:&quot;classic&quot;}\">\n\t\t\t\t\t<div class=\"e-con-inner\">\n\t\t\t\t<div class=\"elementor-element elementor-element-a503037 elementor-widget__width-inherit elementor-widget elementor-widget-heading\" data-id=\"a503037\" data-element_type=\"widget\" data-widget_type=\"heading.default\">\n\t\t\t\t<div class=\"elementor-widget-container\">\n\t\t\t\t\t<h2 class=\"elementor-heading-title elementor-size-default\">IFOX<\/h2>\t\t\t\t<\/div>\n\t\t\t\t<\/div>\n\t\t\t\t<div class=\"elementor-element elementor-element-aec1867 elementor-widget__width-inherit elementor-widget-mobile__width-inherit elementor-widget elementor-widget-text-editor\" data-id=\"aec1867\" data-element_type=\"widget\" data-widget_type=\"text-editor.default\">\n\t\t\t\t<div class=\"elementor-widget-container\">\n\t\t\t\t\t\t\t\t\t<p>Procurando por uma solu\u00e7\u00e3o barata e r\u00e1pida para automatizar seu neg\u00f3cio ? Os Teclados IFOX Inteligentes s\u00e3o completos, necessitam somente de uma mini-impressora de 40 colunas Normal ou Fiscal. Fazem todo o controle do seu neg\u00f3cio, desde seu caixa, faturamentos, comiss\u00f5es e at\u00e9 o seu estoque. F\u00e1cil de operar, n\u00e3o necessita de ambiente especial como para computadores. Pequenos, n\u00e3o ocupam espa\u00e7o e suportam varia\u00e7\u00f5es de temperatura.<\/p><p><strong>Procurando por uma solu\u00e7\u00e3o para controlar seu RESTAURANTE ?<\/strong><\/p>\t\t\t\t\t\t\t\t<\/div>\n\t\t\t\t<\/div>\n\t\t\t\t<div class=\"elementor-element elementor-element-1fd7ff5 elementor-widget__width-initial elementor-widget elementor-widget-image\" data-id=\"1fd7ff5\" data-element_type=\"widget\" data-widget_type=\"image.default\">\n\t\t\t\t<div class=\"elementor-widget-container\">\n\t\t\t\t\t\t\t\t\t\t\t\t\t\t\t<img fetchpriority=\"high\" decoding=\"async\" width=\"283\" height=\"214\" src=\"https:\/\/bombasseiautomacao.com.br\/wp-content\/uploads\/2024\/06\/expert_rest_mini-1.png\" class=\"attachment-large size-large wp-image-878\" alt=\"\" \/>\t\t\t\t\t\t\t\t\t\t\t\t\t\t\t<\/div>\n\t\t\t\t<\/div>\n\t\t\t\t<div class=\"elementor-element elementor-element-221ae1c elementor-widget__width-initial elementor-widget-mobile__width-inherit elementor-widget elementor-widget-text-editor\" data-id=\"221ae1c\" data-element_type=\"widget\" data-widget_type=\"text-editor.default\">\n\t\t\t\t<div class=\"elementor-widget-container\">\n\t\t\t\t\t\t\t\t\t<p><span class=\"style1\">Conhe\u00e7a o EXPERT RESTAURANTE.<\/span><\/p><p>\u00c9 um Teclado Inteligente, completo, super compacto n\u00e3o ocupa espa\u00e7o, n\u00e3o necessita de ambiente especial para operar como os computadores, suporta boa varia\u00e7\u00e3o de tens\u00e3o e temperatura.<\/p><p>Seu programa \u00e9 totalmente INTERATIVO, ou seja, \u00e0 medida que voc\u00ea vai fazendo as opera\u00e7\u00f5es, o programa vai solicitando os dados que voc\u00ea precisa digitar, tornando f\u00e1cil seu aprendizado.<\/p><p>A grande maioria das funcionalidades j\u00e1 est\u00e3o dispon\u00edveis diretamente nas teclas, bastando pressionar a tecla para executar uma opera\u00e7\u00e3o.<\/p>\t\t\t\t\t\t\t\t<\/div>\n\t\t\t\t<\/div>\n\t\t\t\t<div class=\"elementor-element elementor-element-91ac669 elementor-widget__width-inherit elementor-widget-mobile__width-inherit elementor-widget elementor-widget-text-editor\" data-id=\"91ac669\" data-element_type=\"widget\" data-widget_type=\"text-editor.default\">\n\t\t\t\t<div class=\"elementor-widget-container\">\n\t\t\t\t\t\t\t\t\t<p>Para ficar completo, necessita apenas de uma mini impressora serial para a impress\u00e3o dos cupons e relat\u00f3rios. Se desejar aumentar suas funcionalidades, basta acoplar por exemplo uma balan\u00e7a, um leitor de c\u00f3digos de barras em uma das suas 3 portas de expans\u00e3o de perif\u00e9ricos.<\/p><p>Este terminal fornece todos os relat\u00f3rios financeiros como movimenta\u00e7\u00e3o de caixa, faturamento dos operadores, dos gar\u00e7ons, rotatividade das mesas, distribui\u00e7\u00e3o da comiss\u00e3o entre, caixa, cumin, copa, cozinha, ap\u00f3s fazer os lan\u00e7amentos de uma mesa, este terminal pode comandar DIRETAMENTE o pedido na cozinha e bar, atrav\u00e9s de impressoras Remotas, voc\u00ea pode DECOMPOR um prato em at\u00e9 6 ingredientes, assim voc\u00ea sabe exatamente o consumo de todas as mat\u00e9rias primas do seu estoque, e muito mais\u2026<\/p><p>Faz tudo o que um computador faz, mas em tamanho reduzido, economizando espa\u00e7o com muito mais seguran\u00e7a no armazenamento dos seus dados.<\/p>\t\t\t\t\t\t\t\t<\/div>\n\t\t\t\t<\/div>\n\t\t\t\t<div class=\"elementor-element elementor-element-3d6906a elementor-widget__width-inherit elementor-widget-mobile__width-inherit elementor-widget-divider--view-line elementor-widget elementor-widget-divider\" data-id=\"3d6906a\" data-element_type=\"widget\" data-widget_type=\"divider.default\">\n\t\t\t\t<div class=\"elementor-widget-container\">\n\t\t\t\t\t\t\t<div class=\"elementor-divider\">\n\t\t\t<span class=\"elementor-divider-separator\">\n\t\t\t\t\t\t<\/span>\n\t\t<\/div>\n\t\t\t\t\t\t<\/div>\n\t\t\t\t<\/div>\n\t\t\t\t<div class=\"elementor-element elementor-element-5729001 elementor-widget__width-initial elementor-widget elementor-widget-image\" data-id=\"5729001\" data-element_type=\"widget\" data-widget_type=\"image.default\">\n\t\t\t\t<div class=\"elementor-widget-container\">\n\t\t\t\t\t\t\t\t\t\t\t\t\t\t\t<img decoding=\"async\" width=\"358\" height=\"262\" src=\"https:\/\/bombasseiautomacao.com.br\/wp-content\/uploads\/2024\/06\/produto_Foto1_9062852.jpg\" class=\"attachment-large size-large wp-image-877\" alt=\"\" srcset=\"https:\/\/bombasseiautomacao.com.br\/wp-content\/uploads\/2024\/06\/produto_Foto1_9062852.jpg 358w, https:\/\/bombasseiautomacao.com.br\/wp-content\/uploads\/2024\/06\/produto_Foto1_9062852-300x220.jpg 300w\" sizes=\"(max-width: 358px) 100vw, 358px\" \/>\t\t\t\t\t\t\t\t\t\t\t\t\t\t\t<\/div>\n\t\t\t\t<\/div>\n\t\t\t\t<div class=\"elementor-element elementor-element-c208edf elementor-widget__width-initial elementor-widget-mobile__width-inherit elementor-widget elementor-widget-text-editor\" data-id=\"c208edf\" data-element_type=\"widget\" data-widget_type=\"text-editor.default\">\n\t\t\t\t<div class=\"elementor-widget-container\">\n\t\t\t\t\t\t\t\t\t<p><strong>Procurando por uma solu\u00e7\u00e3o para controlar sua LOJA ?<\/strong><\/p><p>Conhe\u00e7a o EXPERT LOJA<\/p><p>\u00c9 um Teclado Inteligente, completo, super compacto n\u00e3o ocupa espa\u00e7o, n\u00e3o necessita de ambiente especial para operar como os computadores, suporta boa varia\u00e7\u00e3o de tens\u00e3o e temperatura.<\/p><p>Seu programa \u00e9 totalmente INTERATIVO, ou seja, \u00e0 medida que voc\u00ea vai fazendo as opera\u00e7\u00f5es, o programa vai solicitando os dados que voc\u00ea precisa digitar, tornando f\u00e1cil seu aprendizado.<\/p>\t\t\t\t\t\t\t\t<\/div>\n\t\t\t\t<\/div>\n\t\t\t\t<div class=\"elementor-element elementor-element-63d91c9 elementor-widget__width-inherit elementor-widget-mobile__width-inherit elementor-widget elementor-widget-text-editor\" data-id=\"63d91c9\" data-element_type=\"widget\" data-widget_type=\"text-editor.default\">\n\t\t\t\t<div class=\"elementor-widget-container\">\n\t\t\t\t\t\t\t\t\t<p><span class=\"style1\">Conhe\u00e7a o EXPERT RESTAURANTE.<\/span><\/p><p>\u00c9 um Teclado Inteligente, completo, super compacto n\u00e3o ocupa espa\u00e7o, n\u00e3o necessita de ambiente especial para operar como os computadores, suporta boa varia\u00e7\u00e3o de tens\u00e3o e temperatura.<\/p><p>Seu programa \u00e9 totalmente INTERATIVO, ou seja, \u00e0 medida que voc\u00ea vai fazendo as opera\u00e7\u00f5es, o programa vai solicitando os dados que voc\u00ea precisa digitar, tornando f\u00e1cil seu aprendizado.<\/p><p>A grande maioria das funcionalidades j\u00e1 est\u00e3o dispon\u00edveis diretamente nas teclas, bastando pressionar a tecla para executar uma opera\u00e7\u00e3o.<\/p>\t\t\t\t\t\t\t\t<\/div>\n\t\t\t\t<\/div>\n\t\t\t\t\t<\/div>\n\t\t\t\t<\/div>\n\t\t<div data-particle_enable=\"false\" data-particle-mobile-disabled=\"false\" class=\"elementor-element elementor-element-7857297 e-flex e-con-boxed wpr-particle-no wpr-jarallax-no wpr-parallax-no wpr-sticky-section-no e-con e-parent\" data-id=\"7857297\" data-element_type=\"container\">\n\t\t\t\t\t<div class=\"e-con-inner\">\n\t\t\t\t\t<\/div>\n\t\t\t\t<\/div>\n\t\t\t\t<\/div>\n\t\t","protected":false},"excerpt":{"rendered":"<p>IFOX Procurando por uma solu\u00e7\u00e3o barata e r\u00e1pida para automatizar seu neg\u00f3cio ? Os Teclados IFOX Inteligentes s\u00e3o completos, necessitam somente de uma mini-impressora de 40 colunas Normal ou Fiscal. Fazem todo o controle do seu neg\u00f3cio, desde seu caixa, faturamentos, comiss\u00f5es e at\u00e9 o seu estoque. F\u00e1cil de operar, n\u00e3o necessita de ambiente especial [&hellip;]<\/p>\n","protected":false},"author":2,"featured_media":0,"parent":0,"menu_order":0,"comment_status":"closed","ping_status":"closed","template":"elementor_canvas","meta":{"_joinchat":[],"footnotes":""},"class_list":["post-863","page","type-page","status-publish","hentry"],"_links":{"self":[{"href":"https:\/\/bombasseiautomacao.com.br\/index.php\/wp-json\/wp\/v2\/pages\/863","targetHints":{"allow":["GET"]}}],"collection":[{"href":"https:\/\/bombasseiautomacao.com.br\/index.php\/wp-json\/wp\/v2\/pages"}],"about":[{"href":"https:\/\/bombasseiautomacao.com.br\/index.php\/wp-json\/wp\/v2\/types\/page"}],"author":[{"embeddable":true,"href":"https:\/\/bombasseiautomacao.com.br\/index.php\/wp-json\/wp\/v2\/users\/2"}],"replies":[{"embeddable":true,"href":"https:\/\/bombasseiautomacao.com.br\/index.php\/wp-json\/wp\/v2\/comments?post=863"}],"version-history":[{"count":22,"href":"https:\/\/bombasseiautomacao.com.br\/index.php\/wp-json\/wp\/v2\/pages\/863\/revisions"}],"predecessor-version":[{"id":906,"href":"https:\/\/bombasseiautomacao.com.br\/index.php\/wp-json\/wp\/v2\/pages\/863\/revisions\/906"}],"wp:attachment":[{"href":"https:\/\/bombasseiautomacao.com.br\/index.php\/wp-json\/wp\/v2\/media?parent=863"}],"curies":[{"name":"wp","href":"https:\/\/api.w.org\/{rel}","templated":true}]}}