{"id":862,"date":"2024-06-06T21:27:06","date_gmt":"2024-06-06T21:27:06","guid":{"rendered":"https:\/\/ligadonanet.com.br\/bombasseiautomacao\/?page_id=862"},"modified":"2024-06-06T22:03:05","modified_gmt":"2024-06-06T22:03:05","slug":"termoplus-2","status":"publish","type":"page","link":"https:\/\/bombasseiautomacao.com.br\/index.php\/termoplus-2\/","title":{"rendered":"Termoplus"},"content":{"rendered":"\t\t<div data-elementor-type=\"wp-page\" data-elementor-id=\"862\" class=\"elementor elementor-862\">\n\t\t\t\t<div data-particle_enable=\"false\" data-particle-mobile-disabled=\"false\" class=\"elementor-element elementor-element-de46aeb e-flex e-con-boxed wpr-particle-no wpr-jarallax-no wpr-parallax-no wpr-sticky-section-no e-con e-parent\" data-id=\"de46aeb\" data-element_type=\"container\" data-settings=\"{&quot;background_background&quot;:&quot;classic&quot;}\">\n\t\t\t\t\t<div class=\"e-con-inner\">\n\t\t\t\t<div class=\"elementor-element elementor-element-a503037 elementor-widget__width-inherit elementor-widget elementor-widget-heading\" data-id=\"a503037\" data-element_type=\"widget\" data-widget_type=\"heading.default\">\n\t\t\t\t<div class=\"elementor-widget-container\">\n\t\t\t\t\t<h2 class=\"elementor-heading-title elementor-size-default\">Termoplus<\/h2>\t\t\t\t<\/div>\n\t\t\t\t<\/div>\n\t\t\t\t<div class=\"elementor-element elementor-element-221ae1c elementor-widget__width-inherit elementor-widget-mobile__width-inherit elementor-widget elementor-widget-text-editor\" data-id=\"221ae1c\" data-element_type=\"widget\" data-widget_type=\"text-editor.default\">\n\t\t\t\t<div class=\"elementor-widget-container\">\n\t\t\t\t\t\t\t\t\t<p>Sempre em busca da mais alta tecnologia e qualidade em produtos e servi\u00e7os, a Termo plus atende o mercado com Solu\u00e7\u00f5es Completas na linha de Microterminais Inteligentes para Automa\u00e7\u00e3o Comercial.<\/p>\t\t\t\t\t\t\t\t<\/div>\n\t\t\t\t<\/div>\n\t\t\t\t<div class=\"elementor-element elementor-element-f890969 elementor-widget__width-inherit elementor-widget-mobile__width-inherit elementor-widget-divider--view-line elementor-widget elementor-widget-divider\" data-id=\"f890969\" data-element_type=\"widget\" data-widget_type=\"divider.default\">\n\t\t\t\t<div class=\"elementor-widget-container\">\n\t\t\t\t\t\t\t<div class=\"elementor-divider\">\n\t\t\t<span class=\"elementor-divider-separator\">\n\t\t\t\t\t\t<\/span>\n\t\t<\/div>\n\t\t\t\t\t\t<\/div>\n\t\t\t\t<\/div>\n\t\t\t\t<div class=\"elementor-element elementor-element-6a46b4d elementor-widget__width-inherit elementor-widget-mobile__width-inherit elementor-widget elementor-widget-text-editor\" data-id=\"6a46b4d\" data-element_type=\"widget\" data-widget_type=\"text-editor.default\">\n\t\t\t\t<div class=\"elementor-widget-container\">\n\t\t\t\t\t\t\t\t\t<p><strong>MTP-19<\/strong><\/p>\t\t\t\t\t\t\t\t<\/div>\n\t\t\t\t<\/div>\n\t\t\t\t<div class=\"elementor-element elementor-element-034da61 elementor-widget__width-initial elementor-widget elementor-widget-image\" data-id=\"034da61\" data-element_type=\"widget\" data-widget_type=\"image.default\">\n\t\t\t\t<div class=\"elementor-widget-container\">\n\t\t\t\t\t\t\t\t\t\t\t\t\t\t\t<img fetchpriority=\"high\" decoding=\"async\" width=\"298\" height=\"289\" src=\"https:\/\/bombasseiautomacao.com.br\/wp-content\/uploads\/2024\/06\/75e0e0308356c219779b281bb1c6e782.jpg\" class=\"attachment-large size-large wp-image-897\" alt=\"\" \/>\t\t\t\t\t\t\t\t\t\t\t\t\t\t\t<\/div>\n\t\t\t\t<\/div>\n\t\t\t\t<div class=\"elementor-element elementor-element-b766c99 elementor-widget__width-initial elementor-widget-mobile__width-inherit elementor-widget elementor-widget-text-editor\" data-id=\"b766c99\" data-element_type=\"widget\" data-widget_type=\"text-editor.default\">\n\t\t\t\t<div class=\"elementor-widget-container\">\n\t\t\t\t\t\t\t\t\t<p>O Microterminal MTP-19 destina-se a estabelecimentos de pequeno e m\u00e9dio porte, com disponibilidade de venda: m\u00f3dulo balc\u00e3o para atender Fast Food, Kilo, Quiosques, Cantinas, Cafeteria, Bilheterias, Lojas de Conveni\u00eancia, Com\u00e9rcio em Geral, entre outros.<\/p><p>Produto indicado para:<br \/>Estacionamentos, Bazar, Cantinas, Quiosques, Loja de conveni\u00eancias e outros com\u00e9rcios de pequeno porte com finalidade para emiss\u00e3o de comprovantes.<\/p>\t\t\t\t\t\t\t\t<\/div>\n\t\t\t\t<\/div>\n\t\t\t\t<div class=\"elementor-element elementor-element-98fccc6 elementor-widget__width-inherit elementor-widget-mobile__width-inherit elementor-widget elementor-widget-text-editor\" data-id=\"98fccc6\" data-element_type=\"widget\" data-widget_type=\"text-editor.default\">\n\t\t\t\t<div class=\"elementor-widget-container\">\n\t\t\t\t\t\t\t\t\t<p><strong>Caracter\u00edsticas:<\/strong><\/p><p>Processador: Zilog Z80180-33 MHz.<br \/>Mem\u00f3ria RAM: varia de 512 a 1024MB.<br \/>Conex\u00e3o: 3 portas seriais.<br \/>Teclado: 19 teclas.<br \/>Fonte de Alimenta\u00e7\u00e3o: Autom\u00e1tica.<br \/>Cores dispon\u00edveis: Preta \/ Branco Gelo<br \/>Garantia: 12 meses.<\/p><p><strong>Vantagens:<\/strong><\/p><p>Emite todos os Relat\u00f3rios Gerenciais tais como, Movimento Completo de Caixa, Mapa de Produtos, Vendidos, Controle de Faturamento, Controle de Vendas por Operador, Controle de Comiss\u00e3o de Vendedores, Controle de Estoque por Produto, Controle de Venda Balc\u00e3o e controle de at\u00e9 13.000 produtos.<\/p><p><strong>Benef\u00edcios:<\/strong><\/p><p>Software de Gerenciamento para o Com\u00e9rcio em Geral, no sistema: Stand Alone (Independente) e Conex\u00e3o em Rede como Lan\u00e7adora conectado ao MTP-43 e Termoplus J\u00fanior MAIS via cabo serial, nas Vers\u00f5es: Restaurante\/Similares e Motel.<\/p>\t\t\t\t\t\t\t\t<\/div>\n\t\t\t\t<\/div>\n\t\t\t\t<div class=\"elementor-element elementor-element-9d40382 elementor-widget__width-inherit elementor-widget-mobile__width-inherit elementor-widget-divider--view-line elementor-widget elementor-widget-divider\" data-id=\"9d40382\" data-element_type=\"widget\" data-widget_type=\"divider.default\">\n\t\t\t\t<div class=\"elementor-widget-container\">\n\t\t\t\t\t\t\t<div class=\"elementor-divider\">\n\t\t\t<span class=\"elementor-divider-separator\">\n\t\t\t\t\t\t<\/span>\n\t\t<\/div>\n\t\t\t\t\t\t<\/div>\n\t\t\t\t<\/div>\n\t\t\t\t<div class=\"elementor-element elementor-element-f5d9ae8 elementor-widget__width-inherit elementor-widget-mobile__width-inherit elementor-widget elementor-widget-text-editor\" data-id=\"f5d9ae8\" data-element_type=\"widget\" data-widget_type=\"text-editor.default\">\n\t\t\t\t<div class=\"elementor-widget-container\">\n\t\t\t\t\t\t\t\t\t<p><strong>Microterminal Termoplus MTP-43<\/strong><\/p>\t\t\t\t\t\t\t\t<\/div>\n\t\t\t\t<\/div>\n\t\t\t\t<div class=\"elementor-element elementor-element-a7401fc elementor-widget__width-initial elementor-widget elementor-widget-image\" data-id=\"a7401fc\" data-element_type=\"widget\" data-widget_type=\"image.default\">\n\t\t\t\t<div class=\"elementor-widget-container\">\n\t\t\t\t\t\t\t\t\t\t\t\t\t\t\t<img decoding=\"async\" width=\"220\" height=\"220\" src=\"https:\/\/bombasseiautomacao.com.br\/wp-content\/uploads\/2024\/06\/TN220_mtp43.jpg\" class=\"attachment-large size-large wp-image-896\" alt=\"\" srcset=\"https:\/\/bombasseiautomacao.com.br\/wp-content\/uploads\/2024\/06\/TN220_mtp43.jpg 220w, https:\/\/bombasseiautomacao.com.br\/wp-content\/uploads\/2024\/06\/TN220_mtp43-150x150.jpg 150w\" sizes=\"(max-width: 220px) 100vw, 220px\" \/>\t\t\t\t\t\t\t\t\t\t\t\t\t\t\t<\/div>\n\t\t\t\t<\/div>\n\t\t\t\t<div class=\"elementor-element elementor-element-9d12980 elementor-widget__width-initial elementor-widget-mobile__width-inherit elementor-widget elementor-widget-text-editor\" data-id=\"9d12980\" data-element_type=\"widget\" data-widget_type=\"text-editor.default\">\n\t\t\t\t<div class=\"elementor-widget-container\">\n\t\t\t\t\t\t\t\t\t<p><strong>Caracter\u00edsticas do produto:<\/strong><\/p><p>Controle de 3000 ve\u00edculos avulsos e 1000 ve\u00edculos mensalistas.<br \/>10 tipos de tabelas de cobran\u00e7a com c\u00e1lculos diferenciados e tabela para eventos<br \/>Venda de produtos e servi\u00e7os (Lavagem, Polimento\u2026).<br \/>Controle de marcas e cores (j\u00e1 cadastrados).<br \/>Recebimentos de Conv\u00eanios e Selos<br \/>Controla Prisma, Modelo, Cor e Avarias<br \/>Totalmente parametriz\u00e1vel (Ex. cobra na entrada ou na sa\u00edda, imprime recibo em 2 vias \u2026)<br \/>Emite Recibo Provis\u00f3rio de Servi\u00e7os RPS para establecimentos obrigados a emitir NF-e<\/p>\t\t\t\t\t\t\t\t<\/div>\n\t\t\t\t<\/div>\n\t\t\t\t<div class=\"elementor-element elementor-element-74bb4db elementor-widget__width-inherit elementor-widget-mobile__width-inherit elementor-widget elementor-widget-text-editor\" data-id=\"74bb4db\" data-element_type=\"widget\" data-widget_type=\"text-editor.default\">\n\t\t\t\t<div class=\"elementor-widget-container\">\n\t\t\t\t\t\t\t\t\t<p><strong>E muito mais!<\/strong><\/p><p>Movimento completo do caixa<br \/>Mapa de Estat\u00edsticas por hora, valores, tabelas e arrecada\u00e7\u00e3o.<br \/>Controle por Operador<br \/>Estornos e Cancelamentos<br \/>Valor das mensalidades individuais para cada mensalista.<br \/>Permite liga\u00e7\u00e3o em rede para estacionamentos com mais de uma entrada e sa\u00edda<br \/>Aceita conex\u00e3o com impressora serial e paralela<\/p>\t\t\t\t\t\t\t\t<\/div>\n\t\t\t\t<\/div>\n\t\t\t\t<div class=\"elementor-element elementor-element-d0a709c elementor-widget__width-inherit elementor-widget-mobile__width-inherit elementor-widget-divider--view-line elementor-widget elementor-widget-divider\" data-id=\"d0a709c\" data-element_type=\"widget\" data-widget_type=\"divider.default\">\n\t\t\t\t<div class=\"elementor-widget-container\">\n\t\t\t\t\t\t\t<div class=\"elementor-divider\">\n\t\t\t<span class=\"elementor-divider-separator\">\n\t\t\t\t\t\t<\/span>\n\t\t<\/div>\n\t\t\t\t\t\t<\/div>\n\t\t\t\t<\/div>\n\t\t\t\t<div class=\"elementor-element elementor-element-d2db5b9 elementor-widget__width-inherit elementor-widget-mobile__width-inherit elementor-widget elementor-widget-text-editor\" data-id=\"d2db5b9\" data-element_type=\"widget\" data-widget_type=\"text-editor.default\">\n\t\t\t\t<div class=\"elementor-widget-container\">\n\t\t\t\t\t\t\t\t\t<p><strong>Microterminal Termoplus JR+<\/strong><\/p>\t\t\t\t\t\t\t\t<\/div>\n\t\t\t\t<\/div>\n\t\t\t\t<div class=\"elementor-element elementor-element-764d81c elementor-widget__width-initial elementor-widget elementor-widget-image\" data-id=\"764d81c\" data-element_type=\"widget\" data-widget_type=\"image.default\">\n\t\t\t\t<div class=\"elementor-widget-container\">\n\t\t\t\t\t\t\t\t\t\t\t\t\t\t\t<img decoding=\"async\" width=\"220\" height=\"220\" src=\"https:\/\/bombasseiautomacao.com.br\/wp-content\/uploads\/2024\/06\/TN220_termoplus_junior_mais.jpg\" class=\"attachment-large size-large wp-image-895\" alt=\"\" srcset=\"https:\/\/bombasseiautomacao.com.br\/wp-content\/uploads\/2024\/06\/TN220_termoplus_junior_mais.jpg 220w, https:\/\/bombasseiautomacao.com.br\/wp-content\/uploads\/2024\/06\/TN220_termoplus_junior_mais-150x150.jpg 150w\" sizes=\"(max-width: 220px) 100vw, 220px\" \/>\t\t\t\t\t\t\t\t\t\t\t\t\t\t\t<\/div>\n\t\t\t\t<\/div>\n\t\t\t\t<div class=\"elementor-element elementor-element-41556e0 elementor-widget__width-initial elementor-widget-mobile__width-inherit elementor-widget elementor-widget-text-editor\" data-id=\"41556e0\" data-element_type=\"widget\" data-widget_type=\"text-editor.default\">\n\t\t\t\t<div class=\"elementor-widget-container\">\n\t\t\t\t\t\t\t\t\t<p><strong>Caracter\u00edsticas da Termoplus JR estacionamentos<\/strong><\/p><p>Capacidade de controle: at\u00e9 3000 ve\u00edculos avulsos e 1000 ve\u00edculos mensalistas.<br \/>Tipos de cobran\u00e7a:10 tipos de tabelas de cobran\u00e7a com c\u00e1lculos diferenciados e tabela para eventos<br \/>Venda de Produtos e Servi\u00e7os: produtos(refrigerantes, \u00f3leo, bateria\u2026) e servi\u00e7os (Lavagem, Polimento, Troca de \u00f3leo\u2026).<br \/>Controle de caixa: controle efetivo do caixa<br \/>Atende e controla: Conv\u00eanios, Mensalistas e Selos<br \/>Controla Prisma, Modelo, Cor e Avarias<br \/>Totalmente parametriz\u00e1vel (Ex. cobran\u00e7a na entrada ou na sa\u00edda, imprime recibo em 2 vias \u2026)<br \/>Emite Recibo Provis\u00f3rio de Servi\u00e7os RPS para estabelecimentos obrigados a emitir NF-e<\/p>\t\t\t\t\t\t\t\t<\/div>\n\t\t\t\t<\/div>\n\t\t\t\t<div class=\"elementor-element elementor-element-d3068c5 elementor-widget__width-inherit elementor-widget-mobile__width-inherit elementor-widget elementor-widget-image\" data-id=\"d3068c5\" data-element_type=\"widget\" data-widget_type=\"image.default\">\n\t\t\t\t<div class=\"elementor-widget-container\">\n\t\t\t\t\t\t\t\t\t\t\t\t\t\t\t<img loading=\"lazy\" decoding=\"async\" width=\"611\" height=\"1024\" src=\"https:\/\/bombasseiautomacao.com.br\/wp-content\/uploads\/2024\/06\/folder_termoplus_Jr-611x1024-1.png\" class=\"attachment-large size-large wp-image-894\" alt=\"\" srcset=\"https:\/\/bombasseiautomacao.com.br\/wp-content\/uploads\/2024\/06\/folder_termoplus_Jr-611x1024-1.png 611w, https:\/\/bombasseiautomacao.com.br\/wp-content\/uploads\/2024\/06\/folder_termoplus_Jr-611x1024-1-179x300.png 179w\" sizes=\"(max-width: 611px) 100vw, 611px\" \/>\t\t\t\t\t\t\t\t\t\t\t\t\t\t\t<\/div>\n\t\t\t\t<\/div>\n\t\t\t\t<div class=\"elementor-element elementor-element-b2d8226 elementor-widget__width-inherit elementor-widget-mobile__width-inherit elementor-widget elementor-widget-text-editor\" data-id=\"b2d8226\" data-element_type=\"widget\" data-widget_type=\"text-editor.default\">\n\t\t\t\t<div class=\"elementor-widget-container\">\n\t\t\t\t\t\t\t\t\t<p><strong>E muito mais!<\/strong><\/p><p>Movimento completo do caixa<br \/>Mapa de Estat\u00edsticas por hora, valores, tabelas e arrecada\u00e7\u00e3o.<br \/>Controle por Operador<br \/>Estornos e Cancelamentos<br \/>Valor das mensalidades individuais para cada mensalista.<br \/>Permite liga\u00e7\u00e3o em rede para estacionamentos com mais de uma entrada e sa\u00edda<br \/>M\u00f3dulo Valet (opcional) Kit Bateria M\u00f3vel (Fabrica\u00e7\u00e3o Termoplus), possibilita a opera\u00e7\u00e3o em locais sem disponibilidade de energia el\u00e9trica, como: Eventos, Rodeios, Shows abertos, entre outros\u2026 Com uma autonomia m\u00e1xima de 10 horas<\/p>\t\t\t\t\t\t\t\t<\/div>\n\t\t\t\t<\/div>\n\t\t\t\t\t<\/div>\n\t\t\t\t<\/div>\n\t\t\t\t<\/div>\n\t\t","protected":false},"excerpt":{"rendered":"<p>Termoplus Sempre em busca da mais alta tecnologia e qualidade em produtos e servi\u00e7os, a Termo plus atende o mercado com Solu\u00e7\u00f5es Completas na linha de Microterminais Inteligentes para Automa\u00e7\u00e3o Comercial. MTP-19 O Microterminal MTP-19 destina-se a estabelecimentos de pequeno e m\u00e9dio porte, com disponibilidade de venda: m\u00f3dulo balc\u00e3o para atender Fast Food, Kilo, Quiosques, [&hellip;]<\/p>\n","protected":false},"author":2,"featured_media":0,"parent":0,"menu_order":0,"comment_status":"closed","ping_status":"closed","template":"elementor_canvas","meta":{"_joinchat":[],"footnotes":""},"class_list":["post-862","page","type-page","status-publish","hentry"],"_links":{"self":[{"href":"https:\/\/bombasseiautomacao.com.br\/index.php\/wp-json\/wp\/v2\/pages\/862","targetHints":{"allow":["GET"]}}],"collection":[{"href":"https:\/\/bombasseiautomacao.com.br\/index.php\/wp-json\/wp\/v2\/pages"}],"about":[{"href":"https:\/\/bombasseiautomacao.com.br\/index.php\/wp-json\/wp\/v2\/types\/page"}],"author":[{"embeddable":true,"href":"https:\/\/bombasseiautomacao.com.br\/index.php\/wp-json\/wp\/v2\/users\/2"}],"replies":[{"embeddable":true,"href":"https:\/\/bombasseiautomacao.com.br\/index.php\/wp-json\/wp\/v2\/comments?post=862"}],"version-history":[{"count":7,"href":"https:\/\/bombasseiautomacao.com.br\/index.php\/wp-json\/wp\/v2\/pages\/862\/revisions"}],"predecessor-version":[{"id":903,"href":"https:\/\/bombasseiautomacao.com.br\/index.php\/wp-json\/wp\/v2\/pages\/862\/revisions\/903"}],"wp:attachment":[{"href":"https:\/\/bombasseiautomacao.com.br\/index.php\/wp-json\/wp\/v2\/media?parent=862"}],"curies":[{"name":"wp","href":"https:\/\/api.w.org\/{rel}","templated":true}]}}