{"id":662,"date":"2024-06-05T17:33:43","date_gmt":"2024-06-05T17:33:43","guid":{"rendered":"https:\/\/ligadonanet.com.br\/bombasseiautomacao\/?page_id=662"},"modified":"2024-06-06T22:03:26","modified_gmt":"2024-06-06T22:03:26","slug":"emissor-de-nota-fiscal-eletronica-modelo-55","status":"publish","type":"page","link":"https:\/\/bombasseiautomacao.com.br\/index.php\/emissor-de-nota-fiscal-eletronica-modelo-55\/","title":{"rendered":"Emissor de Nota Fiscal Eletr\u00f4nica modelo 55"},"content":{"rendered":"\t\t<div data-elementor-type=\"wp-page\" data-elementor-id=\"662\" class=\"elementor elementor-662\">\n\t\t\t\t<div data-particle_enable=\"false\" data-particle-mobile-disabled=\"false\" class=\"elementor-element elementor-element-2c8acf6 e-flex e-con-boxed wpr-particle-no wpr-jarallax-no wpr-parallax-no wpr-sticky-section-no e-con e-parent\" data-id=\"2c8acf6\" data-element_type=\"container\" data-settings=\"{&quot;background_background&quot;:&quot;classic&quot;}\">\n\t\t\t\t\t<div class=\"e-con-inner\">\n\t\t\t\t<div class=\"elementor-element elementor-element-b522cb4 elementor-widget__width-inherit elementor-widget elementor-widget-heading\" data-id=\"b522cb4\" data-element_type=\"widget\" data-widget_type=\"heading.default\">\n\t\t\t\t<div class=\"elementor-widget-container\">\n\t\t\t\t\t<h2 class=\"elementor-heading-title elementor-size-default\">Emissor de Nota Fiscal Eletr\u00f4nica modelo 55<\/h2>\t\t\t\t<\/div>\n\t\t\t\t<\/div>\n\t\t\t\t<div class=\"elementor-element elementor-element-249b697 elementor-widget__width-inherit elementor-widget elementor-widget-image\" data-id=\"249b697\" data-element_type=\"widget\" data-widget_type=\"image.default\">\n\t\t\t\t<div class=\"elementor-widget-container\">\n\t\t\t\t\t\t\t\t\t\t\t\t\t\t\t<img fetchpriority=\"high\" decoding=\"async\" width=\"960\" height=\"518\" src=\"https:\/\/bombasseiautomacao.com.br\/wp-content\/uploads\/2024\/06\/nfe1-1024x552.png\" class=\"attachment-large size-large wp-image-815\" alt=\"\" srcset=\"https:\/\/bombasseiautomacao.com.br\/wp-content\/uploads\/2024\/06\/nfe1-1024x552.png 1024w, https:\/\/bombasseiautomacao.com.br\/wp-content\/uploads\/2024\/06\/nfe1-300x162.png 300w, https:\/\/bombasseiautomacao.com.br\/wp-content\/uploads\/2024\/06\/nfe1-768x414.png 768w, https:\/\/bombasseiautomacao.com.br\/wp-content\/uploads\/2024\/06\/nfe1.png 1076w\" sizes=\"(max-width: 960px) 100vw, 960px\" \/>\t\t\t\t\t\t\t\t\t\t\t\t\t\t\t<\/div>\n\t\t\t\t<\/div>\n\t\t\t\t<div class=\"elementor-element elementor-element-e2e0b6e elementor-widget__width-inherit elementor-widget-mobile__width-inherit elementor-widget elementor-widget-text-editor\" data-id=\"e2e0b6e\" data-element_type=\"widget\" data-widget_type=\"text-editor.default\">\n\t\t\t\t<div class=\"elementor-widget-container\">\n\t\t\t\t\t\t\t\t\t<p>Ideal para todo tipo de estabelecimento que necessita de emiss\u00e3o de NF-e, seja empresas no Simples Nacional, ou empresas NORMAL.<\/p><p>SOLU\u00c7\u00c3O COMPLETA EM UM \u00daNICO M\u00d3DULO.<\/p><p>Programa de f\u00e1cil navega\u00e7\u00e3o<\/p><p>Tela de emiss\u00e3o de NFe inteligente, orienta o operador a fazer um passo a passo<\/p><p>Lance produtos apenas com um click<\/p><p>Visualiza\u00e7\u00e3o e Impress\u00e3o de Danfes<\/p><p>Envio autom\u00e1tico de Danfe e XML por email direto ao cliente<\/p><p>Envio de XML ao seu contador<\/p><p>Importa cadastros do programa gratuito da Sefaz<\/p><p>Relat\u00f3rios de Caixa, por dia e per\u00edodo<\/p><p>Relat\u00f3rios de Produtos Vendidos, por dia e per\u00edodo<\/p><p>Relat\u00f3rios de Vendas e Comiss\u00f5es por Vendedor, por dia e per\u00edodo<\/p><p>C\u00e1lculo e controle de recebimentos de boletos<\/p><p>Simples de usar&#8230;<\/p>\t\t\t\t\t\t\t\t<\/div>\n\t\t\t\t<\/div>\n\t\t\t\t\t<\/div>\n\t\t\t\t<\/div>\n\t\t<div data-particle_enable=\"false\" data-particle-mobile-disabled=\"false\" class=\"elementor-element elementor-element-7bffc53 e-flex e-con-boxed wpr-particle-no wpr-jarallax-no wpr-parallax-no wpr-sticky-section-no e-con e-parent\" data-id=\"7bffc53\" data-element_type=\"container\" data-settings=\"{&quot;background_background&quot;:&quot;classic&quot;}\">\n\t\t\t\t\t<div class=\"e-con-inner\">\n\t\t\t\t<div class=\"elementor-element elementor-element-13e39ad elementor-widget__width-inherit elementor-widget elementor-widget-heading\" data-id=\"13e39ad\" data-element_type=\"widget\" data-widget_type=\"heading.default\">\n\t\t\t\t<div class=\"elementor-widget-container\">\n\t\t\t\t\t<h2 class=\"elementor-heading-title elementor-size-default\">Exemplo de Telas<\/h2>\t\t\t\t<\/div>\n\t\t\t\t<\/div>\n\t\t\t\t\t<\/div>\n\t\t\t\t<\/div>\n\t\t\t\t<\/div>\n\t\t","protected":false},"excerpt":{"rendered":"<p>Emissor de Nota Fiscal Eletr\u00f4nica modelo 55 Ideal para todo tipo de estabelecimento que necessita de emiss\u00e3o de NF-e, seja empresas no Simples Nacional, ou empresas NORMAL. SOLU\u00c7\u00c3O COMPLETA EM UM \u00daNICO M\u00d3DULO. Programa de f\u00e1cil navega\u00e7\u00e3o Tela de emiss\u00e3o de NFe inteligente, orienta o operador a fazer um passo a passo Lance produtos apenas [&hellip;]<\/p>\n","protected":false},"author":2,"featured_media":0,"parent":0,"menu_order":0,"comment_status":"closed","ping_status":"closed","template":"elementor_canvas","meta":{"_joinchat":[],"footnotes":""},"class_list":["post-662","page","type-page","status-publish","hentry"],"_links":{"self":[{"href":"https:\/\/bombasseiautomacao.com.br\/index.php\/wp-json\/wp\/v2\/pages\/662","targetHints":{"allow":["GET"]}}],"collection":[{"href":"https:\/\/bombasseiautomacao.com.br\/index.php\/wp-json\/wp\/v2\/pages"}],"about":[{"href":"https:\/\/bombasseiautomacao.com.br\/index.php\/wp-json\/wp\/v2\/types\/page"}],"author":[{"embeddable":true,"href":"https:\/\/bombasseiautomacao.com.br\/index.php\/wp-json\/wp\/v2\/users\/2"}],"replies":[{"embeddable":true,"href":"https:\/\/bombasseiautomacao.com.br\/index.php\/wp-json\/wp\/v2\/comments?post=662"}],"version-history":[{"count":10,"href":"https:\/\/bombasseiautomacao.com.br\/index.php\/wp-json\/wp\/v2\/pages\/662\/revisions"}],"predecessor-version":[{"id":909,"href":"https:\/\/bombasseiautomacao.com.br\/index.php\/wp-json\/wp\/v2\/pages\/662\/revisions\/909"}],"wp:attachment":[{"href":"https:\/\/bombasseiautomacao.com.br\/index.php\/wp-json\/wp\/v2\/media?parent=662"}],"curies":[{"name":"wp","href":"https:\/\/api.w.org\/{rel}","templated":true}]}}