{"id":661,"date":"2024-06-05T17:33:34","date_gmt":"2024-06-05T17:33:34","guid":{"rendered":"https:\/\/ligadonanet.com.br\/bombasseiautomacao\/?page_id=661"},"modified":"2024-06-06T16:28:20","modified_gmt":"2024-06-06T16:28:20","slug":"ismartx3r-restaurantes","status":"publish","type":"page","link":"https:\/\/bombasseiautomacao.com.br\/index.php\/ismartx3r-restaurantes\/","title":{"rendered":"iSmartX3R Restaurantes"},"content":{"rendered":"\t\t<div data-elementor-type=\"wp-page\" data-elementor-id=\"661\" class=\"elementor elementor-661\">\n\t\t\t\t<div data-particle_enable=\"false\" data-particle-mobile-disabled=\"false\" class=\"elementor-element elementor-element-62c0fab e-flex e-con-boxed wpr-particle-no wpr-jarallax-no wpr-parallax-no wpr-sticky-section-no e-con e-parent\" data-id=\"62c0fab\" data-element_type=\"container\" data-settings=\"{&quot;background_background&quot;:&quot;classic&quot;}\">\n\t\t\t\t\t<div class=\"e-con-inner\">\n\t\t\t\t<div class=\"elementor-element elementor-element-e362b63 elementor-widget__width-inherit elementor-widget elementor-widget-heading\" data-id=\"e362b63\" data-element_type=\"widget\" data-widget_type=\"heading.default\">\n\t\t\t\t<div class=\"elementor-widget-container\">\n\t\t\t\t\t<h2 class=\"elementor-heading-title elementor-size-default\">iSmartX3R Restaurantes<\/h2>\t\t\t\t<\/div>\n\t\t\t\t<\/div>\n\t\t\t\t<div class=\"elementor-element elementor-element-8f7b621 elementor-widget__width-inherit elementor-widget elementor-widget-image\" data-id=\"8f7b621\" data-element_type=\"widget\" data-widget_type=\"image.default\">\n\t\t\t\t<div class=\"elementor-widget-container\">\n\t\t\t\t\t\t\t\t\t\t\t\t\t\t\t<img fetchpriority=\"high\" decoding=\"async\" width=\"350\" height=\"265\" src=\"https:\/\/bombasseiautomacao.com.br\/wp-content\/uploads\/2024\/06\/expert_rest_mini.png\" class=\"attachment-large size-large wp-image-760\" alt=\"\" srcset=\"https:\/\/bombasseiautomacao.com.br\/wp-content\/uploads\/2024\/06\/expert_rest_mini.png 350w, https:\/\/bombasseiautomacao.com.br\/wp-content\/uploads\/2024\/06\/expert_rest_mini-300x227.png 300w\" sizes=\"(max-width: 350px) 100vw, 350px\" \/>\t\t\t\t\t\t\t\t\t\t\t\t\t\t\t<\/div>\n\t\t\t\t<\/div>\n\t\t\t\t<div class=\"elementor-element elementor-element-74d2463 elementor-widget__width-inherit elementor-widget-mobile__width-inherit elementor-widget elementor-widget-text-editor\" data-id=\"74d2463\" data-element_type=\"widget\" data-widget_type=\"text-editor.default\">\n\t\t\t\t<div class=\"elementor-widget-container\">\n\t\t\t\t\t\t\t\t\t<p>Procurando por uma solu\u00e7\u00e3o para controlar seu RESTAURANTE ? Conhe\u00e7a o iSmartX3R RESTAURANTE. \u00c9 um Teclado Inteligente, completo, super compacto n\u00e3o ocupa espa\u00e7o, n\u00e3o necessita de ambiente especial para operar como os computadores, suporta boa varia\u00e7\u00e3o de tens\u00e3o e temperatura. Seu programa \u00e9 totalmente INTERATIVO, ou seja, \u00e0 medida que voc\u00ea vai fazendo as opera\u00e7\u00f5es, o programa vai solicitando os dados que voc\u00ea precisa digitar, tornando f\u00e1cil seu aprendizado. A grande maioria das funcionalidades j\u00e1 est\u00e3o dispon\u00edveis diretamente nas teclas, bastando pressionar a tecla para executar uma opera\u00e7\u00e3o. Para ficar completo, necessita apenas de uma mini impressora serial para a impress\u00e3o dos cupons e relat\u00f3rios. Este terminal fornece todos os relat\u00f3rios financeiros como movimenta\u00e7\u00e3o de caixa, faturamento dos operadores, dos gar\u00e7ons, rotatividade das mesas, distribui\u00e7\u00e3o da comiss\u00e3o entre, caixa, cumin, copa, cozinha, ap\u00f3s fazer os lan\u00e7amentos de uma mesa, este terminal pode comandar DIRETAMENTE o pedido na cozinha e bar, atrav\u00e9s de impressoras Remotas, e muito mais&#8230; Faz tudo o que um computador faz, mas em tamanho reduzido, economizando espa\u00e7o com muito mais seguran\u00e7a no armazenamento dos seus dados.<\/p>\t\t\t\t\t\t\t\t<\/div>\n\t\t\t\t<\/div>\n\t\t\t\t\t<\/div>\n\t\t\t\t<\/div>\n\t\t<div data-particle_enable=\"false\" data-particle-mobile-disabled=\"false\" class=\"elementor-element elementor-element-bb34666 e-flex e-con-boxed wpr-particle-no wpr-jarallax-no wpr-parallax-no wpr-sticky-section-no e-con e-parent\" data-id=\"bb34666\" data-element_type=\"container\" data-settings=\"{&quot;background_background&quot;:&quot;classic&quot;}\">\n\t\t\t\t\t<div class=\"e-con-inner\">\n\t\t\t\t<div class=\"elementor-element elementor-element-6d9d9e5 elementor-widget__width-inherit elementor-widget elementor-widget-heading\" data-id=\"6d9d9e5\" data-element_type=\"widget\" data-widget_type=\"heading.default\">\n\t\t\t\t<div class=\"elementor-widget-container\">\n\t\t\t\t\t<h2 class=\"elementor-heading-title elementor-size-default\">Impressoras<\/h2>\t\t\t\t<\/div>\n\t\t\t\t<\/div>\n\t\t\t\t<div class=\"elementor-element elementor-element-e9b8407 elementor-widget__width-initial elementor-position-top elementor-widget elementor-widget-image-box\" data-id=\"e9b8407\" data-element_type=\"widget\" data-widget_type=\"image-box.default\">\n\t\t\t\t<div class=\"elementor-widget-container\">\n\t\t\t\t\t<div class=\"elementor-image-box-wrapper\"><figure class=\"elementor-image-box-img\"><a href=\"#\" tabindex=\"-1\"><img decoding=\"async\" width=\"150\" height=\"141\" src=\"https:\/\/bombasseiautomacao.com.br\/wp-content\/uploads\/2024\/06\/Impressora-Epson-TM-T20x.png\" class=\"elementor-animation-grow attachment-full size-full wp-image-732\" alt=\"\" \/><\/a><\/figure><div class=\"elementor-image-box-content\"><h3 class=\"elementor-image-box-title\"><a href=\"#\">Impressora Epson <br>TM-T20x<\/a><\/h3><\/div><\/div>\t\t\t\t<\/div>\n\t\t\t\t<\/div>\n\t\t\t\t<div class=\"elementor-element elementor-element-bd37be7 elementor-widget__width-initial elementor-position-top elementor-widget elementor-widget-image-box\" data-id=\"bd37be7\" data-element_type=\"widget\" data-widget_type=\"image-box.default\">\n\t\t\t\t<div class=\"elementor-widget-container\">\n\t\t\t\t\t<div class=\"elementor-image-box-wrapper\"><figure class=\"elementor-image-box-img\"><a href=\"#\" tabindex=\"-1\"><img decoding=\"async\" width=\"110\" height=\"110\" src=\"https:\/\/bombasseiautomacao.com.br\/wp-content\/uploads\/2024\/06\/Impressora-Bematech-MP4200.png\" class=\"elementor-animation-grow attachment-full size-full wp-image-728\" alt=\"\" \/><\/a><\/figure><div class=\"elementor-image-box-content\"><h3 class=\"elementor-image-box-title\"><a href=\"#\">Impressora Bematech MP4200<\/a><\/h3><\/div><\/div>\t\t\t\t<\/div>\n\t\t\t\t<\/div>\n\t\t\t\t<div class=\"elementor-element elementor-element-ad748bf elementor-widget__width-initial elementor-position-top elementor-widget elementor-widget-image-box\" data-id=\"ad748bf\" data-element_type=\"widget\" data-widget_type=\"image-box.default\">\n\t\t\t\t<div class=\"elementor-widget-container\">\n\t\t\t\t\t<div class=\"elementor-image-box-wrapper\"><figure class=\"elementor-image-box-img\"><a href=\"#\" tabindex=\"-1\"><img loading=\"lazy\" decoding=\"async\" width=\"110\" height=\"110\" src=\"https:\/\/bombasseiautomacao.com.br\/wp-content\/uploads\/2024\/06\/Impressora-Tanca-TP825.png\" class=\"elementor-animation-grow attachment-full size-full wp-image-731\" alt=\"\" \/><\/a><\/figure><div class=\"elementor-image-box-content\"><h3 class=\"elementor-image-box-title\"><a href=\"#\">Impressora Tanca TP825<\/a><\/h3><\/div><\/div>\t\t\t\t<\/div>\n\t\t\t\t<\/div>\n\t\t\t\t<div class=\"elementor-element elementor-element-fa7bf3d elementor-widget__width-initial elementor-position-top elementor-widget elementor-widget-image-box\" data-id=\"fa7bf3d\" data-element_type=\"widget\" data-widget_type=\"image-box.default\">\n\t\t\t\t<div class=\"elementor-widget-container\">\n\t\t\t\t\t<div class=\"elementor-image-box-wrapper\"><figure class=\"elementor-image-box-img\"><a href=\"#\" tabindex=\"-1\"><img loading=\"lazy\" decoding=\"async\" width=\"110\" height=\"110\" src=\"https:\/\/bombasseiautomacao.com.br\/wp-content\/uploads\/2024\/06\/Impressora-Daruma-DR700.png\" class=\"elementor-animation-grow attachment-full size-full wp-image-726\" alt=\"\" \/><\/a><\/figure><div class=\"elementor-image-box-content\"><h3 class=\"elementor-image-box-title\"><a href=\"#\">Impressora Daruma DR700<\/a><\/h3><\/div><\/div>\t\t\t\t<\/div>\n\t\t\t\t<\/div>\n\t\t\t\t<div class=\"elementor-element elementor-element-97095b8 elementor-widget__width-initial elementor-position-top elementor-widget elementor-widget-image-box\" data-id=\"97095b8\" data-element_type=\"widget\" data-widget_type=\"image-box.default\">\n\t\t\t\t<div class=\"elementor-widget-container\">\n\t\t\t\t\t<div class=\"elementor-image-box-wrapper\"><figure class=\"elementor-image-box-img\"><a href=\"#\" tabindex=\"-1\"><img loading=\"lazy\" decoding=\"async\" width=\"110\" height=\"110\" src=\"https:\/\/bombasseiautomacao.com.br\/wp-content\/uploads\/2024\/06\/Impressora-Tanca-TP650.png\" class=\"elementor-animation-grow attachment-full size-full wp-image-730\" alt=\"\" \/><\/a><\/figure><div class=\"elementor-image-box-content\"><h3 class=\"elementor-image-box-title\"><a href=\"#\">Impressora Tanca TP650<\/a><\/h3><\/div><\/div>\t\t\t\t<\/div>\n\t\t\t\t<\/div>\n\t\t\t\t<div class=\"elementor-element elementor-element-8ff381c elementor-widget__width-initial elementor-position-top elementor-widget elementor-widget-image-box\" data-id=\"8ff381c\" data-element_type=\"widget\" data-widget_type=\"image-box.default\">\n\t\t\t\t<div class=\"elementor-widget-container\">\n\t\t\t\t\t<div class=\"elementor-image-box-wrapper\"><figure class=\"elementor-image-box-img\"><a href=\"#\" tabindex=\"-1\"><img loading=\"lazy\" decoding=\"async\" width=\"110\" height=\"110\" src=\"https:\/\/bombasseiautomacao.com.br\/wp-content\/uploads\/2024\/06\/Impressora-CIS-PR3000.png\" class=\"elementor-animation-grow attachment-full size-full wp-image-725\" alt=\"\" \/><\/a><\/figure><div class=\"elementor-image-box-content\"><h3 class=\"elementor-image-box-title\"><a href=\"#\">Impressora CIS PR3000<\/a><\/h3><\/div><\/div>\t\t\t\t<\/div>\n\t\t\t\t<\/div>\n\t\t\t\t<div class=\"elementor-element elementor-element-f3f937d elementor-widget__width-initial elementor-position-top elementor-widget elementor-widget-image-box\" data-id=\"f3f937d\" data-element_type=\"widget\" data-widget_type=\"image-box.default\">\n\t\t\t\t<div class=\"elementor-widget-container\">\n\t\t\t\t\t<div class=\"elementor-image-box-wrapper\"><figure class=\"elementor-image-box-img\"><a href=\"#\" tabindex=\"-1\"><img loading=\"lazy\" decoding=\"async\" width=\"188\" height=\"175\" src=\"https:\/\/bombasseiautomacao.com.br\/wp-content\/uploads\/2024\/06\/Impressora-Sweda-Si300.png\" class=\"elementor-animation-grow attachment-full size-full wp-image-729\" alt=\"\" \/><\/a><\/figure><div class=\"elementor-image-box-content\"><h3 class=\"elementor-image-box-title\"><a href=\"#\">Impressora Sweda Si300<\/a><\/h3><\/div><\/div>\t\t\t\t<\/div>\n\t\t\t\t<\/div>\n\t\t\t\t<div class=\"elementor-element elementor-element-23f7dab elementor-widget__width-initial elementor-position-top elementor-widget elementor-widget-image-box\" data-id=\"23f7dab\" data-element_type=\"widget\" data-widget_type=\"image-box.default\">\n\t\t\t\t<div class=\"elementor-widget-container\">\n\t\t\t\t\t<div class=\"elementor-image-box-wrapper\"><figure class=\"elementor-image-box-img\"><a href=\"#\" tabindex=\"-1\"><img loading=\"lazy\" decoding=\"async\" width=\"110\" height=\"110\" src=\"https:\/\/bombasseiautomacao.com.br\/wp-content\/uploads\/2024\/06\/Impressora-Elgin-i9.png\" class=\"elementor-animation-grow attachment-full size-full wp-image-727\" alt=\"\" \/><\/a><\/figure><div class=\"elementor-image-box-content\"><h3 class=\"elementor-image-box-title\"><a href=\"#\">Impressora Elgin i9<\/a><\/h3><\/div><\/div>\t\t\t\t<\/div>\n\t\t\t\t<\/div>\n\t\t\t\t\t<\/div>\n\t\t\t\t<\/div>\n\t\t\t\t<\/div>\n\t\t","protected":false},"excerpt":{"rendered":"<p>iSmartX3R Restaurantes Procurando por uma solu\u00e7\u00e3o para controlar seu RESTAURANTE ? Conhe\u00e7a o iSmartX3R RESTAURANTE. \u00c9 um Teclado Inteligente, completo, super compacto n\u00e3o ocupa espa\u00e7o, n\u00e3o necessita de ambiente especial para operar como os computadores, suporta boa varia\u00e7\u00e3o de tens\u00e3o e temperatura. Seu programa \u00e9 totalmente INTERATIVO, ou seja, \u00e0 medida que voc\u00ea vai fazendo [&hellip;]<\/p>\n","protected":false},"author":2,"featured_media":0,"parent":0,"menu_order":0,"comment_status":"closed","ping_status":"closed","template":"elementor_canvas","meta":{"_joinchat":[],"footnotes":""},"class_list":["post-661","page","type-page","status-publish","hentry"],"_links":{"self":[{"href":"https:\/\/bombasseiautomacao.com.br\/index.php\/wp-json\/wp\/v2\/pages\/661","targetHints":{"allow":["GET"]}}],"collection":[{"href":"https:\/\/bombasseiautomacao.com.br\/index.php\/wp-json\/wp\/v2\/pages"}],"about":[{"href":"https:\/\/bombasseiautomacao.com.br\/index.php\/wp-json\/wp\/v2\/types\/page"}],"author":[{"embeddable":true,"href":"https:\/\/bombasseiautomacao.com.br\/index.php\/wp-json\/wp\/v2\/users\/2"}],"replies":[{"embeddable":true,"href":"https:\/\/bombasseiautomacao.com.br\/index.php\/wp-json\/wp\/v2\/comments?post=661"}],"version-history":[{"count":7,"href":"https:\/\/bombasseiautomacao.com.br\/index.php\/wp-json\/wp\/v2\/pages\/661\/revisions"}],"predecessor-version":[{"id":763,"href":"https:\/\/bombasseiautomacao.com.br\/index.php\/wp-json\/wp\/v2\/pages\/661\/revisions\/763"}],"wp:attachment":[{"href":"https:\/\/bombasseiautomacao.com.br\/index.php\/wp-json\/wp\/v2\/media?parent=661"}],"curies":[{"name":"wp","href":"https:\/\/api.w.org\/{rel}","templated":true}]}}