{"id":659,"date":"2024-06-05T17:32:53","date_gmt":"2024-06-05T17:32:53","guid":{"rendered":"https:\/\/ligadonanet.com.br\/bombasseiautomacao\/?page_id=659"},"modified":"2024-06-06T16:39:21","modified_gmt":"2024-06-06T16:39:21","slug":"ismartx3a-autenticador-de-caixa","status":"publish","type":"page","link":"https:\/\/bombasseiautomacao.com.br\/index.php\/ismartx3a-autenticador-de-caixa\/","title":{"rendered":"iSmartX3A &#8211; Autenticador de Caixa"},"content":{"rendered":"\t\t<div data-elementor-type=\"wp-page\" data-elementor-id=\"659\" class=\"elementor elementor-659\">\n\t\t\t\t<div data-particle_enable=\"false\" data-particle-mobile-disabled=\"false\" class=\"elementor-element elementor-element-a256e5a e-flex e-con-boxed wpr-particle-no wpr-jarallax-no wpr-parallax-no wpr-sticky-section-no e-con e-parent\" data-id=\"a256e5a\" data-element_type=\"container\" data-settings=\"{&quot;background_background&quot;:&quot;classic&quot;}\">\n\t\t\t\t\t<div class=\"e-con-inner\">\n\t\t\t\t<div class=\"elementor-element elementor-element-a3a1fe1 elementor-widget__width-inherit elementor-widget elementor-widget-heading\" data-id=\"a3a1fe1\" data-element_type=\"widget\" data-widget_type=\"heading.default\">\n\t\t\t\t<div class=\"elementor-widget-container\">\n\t\t\t\t\t<h2 class=\"elementor-heading-title elementor-size-default\">iSmartX3A - Autenticador de Caixa<\/h2>\t\t\t\t<\/div>\n\t\t\t\t<\/div>\n\t\t\t\t<div class=\"elementor-element elementor-element-1160a82 elementor-widget__width-inherit elementor-widget elementor-widget-image\" data-id=\"1160a82\" data-element_type=\"widget\" data-widget_type=\"image.default\">\n\t\t\t\t<div class=\"elementor-widget-container\">\n\t\t\t\t\t\t\t\t\t\t\t\t\t\t\t<img fetchpriority=\"high\" decoding=\"async\" width=\"358\" height=\"261\" src=\"https:\/\/bombasseiautomacao.com.br\/wp-content\/uploads\/2024\/06\/expert_autenticadora_mini.png\" class=\"attachment-large size-large wp-image-764\" alt=\"\" srcset=\"https:\/\/bombasseiautomacao.com.br\/wp-content\/uploads\/2024\/06\/expert_autenticadora_mini.png 358w, https:\/\/bombasseiautomacao.com.br\/wp-content\/uploads\/2024\/06\/expert_autenticadora_mini-300x219.png 300w\" sizes=\"(max-width: 358px) 100vw, 358px\" \/>\t\t\t\t\t\t\t\t\t\t\t\t\t\t\t<\/div>\n\t\t\t\t<\/div>\n\t\t\t\t<div class=\"elementor-element elementor-element-29373b3 elementor-widget__width-inherit elementor-widget-mobile__width-inherit elementor-widget elementor-widget-text-editor\" data-id=\"29373b3\" data-element_type=\"widget\" data-widget_type=\"text-editor.default\">\n\t\t\t\t<div class=\"elementor-widget-container\">\n\t\t\t\t\t\t\t\t\t<p>Procurando por uma solu\u00e7\u00e3o n\u00e3o FISCAL, que seja SIMPLES e F\u00c1CIL de OPERAR para controlar seu neg\u00f3cio e ainda n\u00e3o ter que pagar MENSALIDADE como os programas para Computador, mas ser t\u00e3o completo como um programa de computador e ainda n\u00e3o pegar &#8216;v\u00edrus&#8217; de computador\u00a0<span class=\"style4\">e ainda poder usar nosso software gerenciador para facilitar a programa\u00e7\u00e3o. E se amanh\u00e3 precisar\u00a0<strong>TRANSFORMAR em VERS\u00c2O FISCAL<\/strong>\u00a0\u00e9 esse o produto indicado.<\/span>\u00a0?<\/p><p><strong>Conhe\u00e7a o iEst &#8211; Estacionamentos<\/strong><\/p><p>\u00c9 um Teclado Inteligente, completo, super compacto n\u00e3o ocupa espa\u00e7o, n\u00e3o necessita de ambiente especial para operar como os computadores, suporta boa varia\u00e7\u00e3o de tens\u00e3o e temperatura.<\/p><p>Seu programa \u00e9 totalmente INTERATIVO, ou seja, simples de programar. Se j\u00e1 operou alguma Registradora, ver\u00e1 que \u00e9 SIMPLES de usar.<\/p><p>A grande maioria das funcionalidades j\u00e1 est\u00e3o dispon\u00edveis diretamente nas teclas, bastando pressionar a tecla para executar uma opera\u00e7\u00e3o.<\/p><p>Para ficar completo, necessita apenas de uma IMPRESSORA n\u00e3o Fiscal com interface serial ou USB. Se desejar aumentar sua funcionalidade, pode acoplar um Display Torre de Cliente, uma balan\u00e7a eletr\u00f4nica, um leitor de c\u00f3digo de barras, em uma das suas 2 portas de expans\u00e3o de perif\u00e9ricos.<\/p><p>Este terminal fornece todos os relat\u00f3rios financeiros como movimenta\u00e7\u00e3o de caixa, faturamento dos operadores, controles dos produtos vendidos di\u00e1rios e peri\u00f3dicos.<\/p><p>Faz tudo o que uma Registradora ou um Computador faz, mas em tamanho reduzido, economizando espa\u00e7o com muito mais seguran\u00e7a no armazenamento dos seus dados.<\/p>\t\t\t\t\t\t\t\t<\/div>\n\t\t\t\t<\/div>\n\t\t\t\t\t<\/div>\n\t\t\t\t<\/div>\n\t\t<div data-particle_enable=\"false\" data-particle-mobile-disabled=\"false\" class=\"elementor-element elementor-element-664cd04 e-flex e-con-boxed wpr-particle-no wpr-jarallax-no wpr-parallax-no wpr-sticky-section-no e-con e-parent\" data-id=\"664cd04\" data-element_type=\"container\" data-settings=\"{&quot;background_background&quot;:&quot;classic&quot;}\">\n\t\t\t\t\t<div class=\"e-con-inner\">\n\t\t\t\t<div class=\"elementor-element elementor-element-23820e5 elementor-widget__width-inherit elementor-widget elementor-widget-heading\" data-id=\"23820e5\" data-element_type=\"widget\" data-widget_type=\"heading.default\">\n\t\t\t\t<div class=\"elementor-widget-container\">\n\t\t\t\t\t<h2 class=\"elementor-heading-title elementor-size-default\">Impressoras<\/h2>\t\t\t\t<\/div>\n\t\t\t\t<\/div>\n\t\t\t\t<div class=\"elementor-element elementor-element-ec1d515 elementor-widget__width-initial elementor-position-top elementor-widget elementor-widget-image-box\" data-id=\"ec1d515\" data-element_type=\"widget\" data-widget_type=\"image-box.default\">\n\t\t\t\t<div class=\"elementor-widget-container\">\n\t\t\t\t\t<div class=\"elementor-image-box-wrapper\"><figure class=\"elementor-image-box-img\"><a href=\"#\" tabindex=\"-1\"><img decoding=\"async\" width=\"150\" height=\"141\" src=\"https:\/\/bombasseiautomacao.com.br\/wp-content\/uploads\/2024\/06\/Impressora-Epson-TM-T20x.png\" class=\"elementor-animation-grow attachment-full size-full wp-image-732\" alt=\"\" \/><\/a><\/figure><div class=\"elementor-image-box-content\"><h3 class=\"elementor-image-box-title\"><a href=\"#\">Impressora Epson <br>TM-T20x<\/a><\/h3><\/div><\/div>\t\t\t\t<\/div>\n\t\t\t\t<\/div>\n\t\t\t\t\t<\/div>\n\t\t\t\t<\/div>\n\t\t<div data-particle_enable=\"false\" data-particle-mobile-disabled=\"false\" class=\"elementor-element elementor-element-f66a7ff e-flex e-con-boxed wpr-particle-no wpr-jarallax-no wpr-parallax-no wpr-sticky-section-no e-con e-parent\" data-id=\"f66a7ff\" data-element_type=\"container\" data-settings=\"{&quot;background_background&quot;:&quot;classic&quot;}\">\n\t\t\t\t\t<div class=\"e-con-inner\">\n\t\t\t\t<div class=\"elementor-element elementor-element-a947889 elementor-widget__width-inherit elementor-widget elementor-widget-heading\" data-id=\"a947889\" data-element_type=\"widget\" data-widget_type=\"heading.default\">\n\t\t\t\t<div class=\"elementor-widget-container\">\n\t\t\t\t\t<h2 class=\"elementor-heading-title elementor-size-default\">Cupons De Exemplo<\/h2>\t\t\t\t<\/div>\n\t\t\t\t<\/div>\n\t\t\t\t<div class=\"elementor-element elementor-element-b4f4a1f elementor-widget__width-initial elementor-position-top elementor-widget elementor-widget-image-box\" data-id=\"b4f4a1f\" data-element_type=\"widget\" data-widget_type=\"image-box.default\">\n\t\t\t\t<div class=\"elementor-widget-container\">\n\t\t\t\t\t<div class=\"elementor-image-box-wrapper\"><figure class=\"elementor-image-box-img\"><a href=\"#\" tabindex=\"-1\"><img decoding=\"async\" width=\"911\" height=\"726\" src=\"https:\/\/bombasseiautomacao.com.br\/wp-content\/uploads\/2024\/06\/Cupom-de-Inicializacao.jpg\" class=\"elementor-animation-grow attachment-full size-full wp-image-766\" alt=\"\" srcset=\"https:\/\/bombasseiautomacao.com.br\/wp-content\/uploads\/2024\/06\/Cupom-de-Inicializacao.jpg 911w, https:\/\/bombasseiautomacao.com.br\/wp-content\/uploads\/2024\/06\/Cupom-de-Inicializacao-300x239.jpg 300w, https:\/\/bombasseiautomacao.com.br\/wp-content\/uploads\/2024\/06\/Cupom-de-Inicializacao-768x612.jpg 768w\" sizes=\"(max-width: 911px) 100vw, 911px\" \/><\/a><\/figure><div class=\"elementor-image-box-content\"><h3 class=\"elementor-image-box-title\"><a href=\"#\">Cupom de Inicializa\u00e7\u00e3o<\/a><\/h3><\/div><\/div>\t\t\t\t<\/div>\n\t\t\t\t<\/div>\n\t\t\t\t<div class=\"elementor-element elementor-element-fc59968 elementor-widget__width-initial elementor-position-top elementor-widget elementor-widget-image-box\" data-id=\"fc59968\" data-element_type=\"widget\" data-widget_type=\"image-box.default\">\n\t\t\t\t<div class=\"elementor-widget-container\">\n\t\t\t\t\t<div class=\"elementor-image-box-wrapper\"><figure class=\"elementor-image-box-img\"><a href=\"#\" tabindex=\"-1\"><img loading=\"lazy\" decoding=\"async\" width=\"911\" height=\"726\" src=\"https:\/\/bombasseiautomacao.com.br\/wp-content\/uploads\/2024\/06\/Cupom-de-Recebimento.jpg\" class=\"elementor-animation-grow attachment-full size-full wp-image-771\" alt=\"\" srcset=\"https:\/\/bombasseiautomacao.com.br\/wp-content\/uploads\/2024\/06\/Cupom-de-Recebimento.jpg 911w, https:\/\/bombasseiautomacao.com.br\/wp-content\/uploads\/2024\/06\/Cupom-de-Recebimento-300x239.jpg 300w, https:\/\/bombasseiautomacao.com.br\/wp-content\/uploads\/2024\/06\/Cupom-de-Recebimento-768x612.jpg 768w\" sizes=\"(max-width: 911px) 100vw, 911px\" \/><\/a><\/figure><div class=\"elementor-image-box-content\"><h3 class=\"elementor-image-box-title\"><a href=\"#\">Cupom de Recebimento<\/a><\/h3><\/div><\/div>\t\t\t\t<\/div>\n\t\t\t\t<\/div>\n\t\t\t\t<div class=\"elementor-element elementor-element-ef8d797 elementor-widget__width-initial elementor-position-top elementor-widget elementor-widget-image-box\" data-id=\"ef8d797\" data-element_type=\"widget\" data-widget_type=\"image-box.default\">\n\t\t\t\t<div class=\"elementor-widget-container\">\n\t\t\t\t\t<div class=\"elementor-image-box-wrapper\"><figure class=\"elementor-image-box-img\"><a href=\"#\" tabindex=\"-1\"><img loading=\"lazy\" decoding=\"async\" width=\"911\" height=\"726\" src=\"https:\/\/bombasseiautomacao.com.br\/wp-content\/uploads\/2024\/06\/Cupom-de-Pagamento.jpg\" class=\"elementor-animation-grow attachment-full size-full wp-image-769\" alt=\"\" srcset=\"https:\/\/bombasseiautomacao.com.br\/wp-content\/uploads\/2024\/06\/Cupom-de-Pagamento.jpg 911w, https:\/\/bombasseiautomacao.com.br\/wp-content\/uploads\/2024\/06\/Cupom-de-Pagamento-300x239.jpg 300w, https:\/\/bombasseiautomacao.com.br\/wp-content\/uploads\/2024\/06\/Cupom-de-Pagamento-768x612.jpg 768w\" sizes=\"(max-width: 911px) 100vw, 911px\" \/><\/a><\/figure><div class=\"elementor-image-box-content\"><h3 class=\"elementor-image-box-title\"><a href=\"#\">Cupom de Pagamento<\/a><\/h3><\/div><\/div>\t\t\t\t<\/div>\n\t\t\t\t<\/div>\n\t\t\t\t<div class=\"elementor-element elementor-element-108bd37 elementor-widget__width-initial elementor-position-top elementor-widget elementor-widget-image-box\" data-id=\"108bd37\" data-element_type=\"widget\" data-widget_type=\"image-box.default\">\n\t\t\t\t<div class=\"elementor-widget-container\">\n\t\t\t\t\t<div class=\"elementor-image-box-wrapper\"><figure class=\"elementor-image-box-img\"><a href=\"#\" tabindex=\"-1\"><img loading=\"lazy\" decoding=\"async\" width=\"916\" height=\"943\" src=\"https:\/\/bombasseiautomacao.com.br\/wp-content\/uploads\/2024\/06\/Relatorios-Parciais.jpg\" class=\"elementor-animation-grow attachment-full size-full wp-image-773\" alt=\"\" srcset=\"https:\/\/bombasseiautomacao.com.br\/wp-content\/uploads\/2024\/06\/Relatorios-Parciais.jpg 916w, https:\/\/bombasseiautomacao.com.br\/wp-content\/uploads\/2024\/06\/Relatorios-Parciais-291x300.jpg 291w, https:\/\/bombasseiautomacao.com.br\/wp-content\/uploads\/2024\/06\/Relatorios-Parciais-768x791.jpg 768w\" sizes=\"(max-width: 916px) 100vw, 916px\" \/><\/a><\/figure><div class=\"elementor-image-box-content\"><h3 class=\"elementor-image-box-title\"><a href=\"#\">Relat\u00f3rios Parciais<\/a><\/h3><\/div><\/div>\t\t\t\t<\/div>\n\t\t\t\t<\/div>\n\t\t\t\t<div class=\"elementor-element elementor-element-8d1e91e elementor-widget__width-initial elementor-position-top elementor-widget elementor-widget-image-box\" data-id=\"8d1e91e\" data-element_type=\"widget\" data-widget_type=\"image-box.default\">\n\t\t\t\t<div class=\"elementor-widget-container\">\n\t\t\t\t\t<div class=\"elementor-image-box-wrapper\"><figure class=\"elementor-image-box-img\"><a href=\"#\" tabindex=\"-1\"><img loading=\"lazy\" decoding=\"async\" width=\"916\" height=\"981\" src=\"https:\/\/bombasseiautomacao.com.br\/wp-content\/uploads\/2024\/06\/Limpeza-parcial.jpg\" class=\"elementor-animation-grow attachment-full size-full wp-image-768\" alt=\"\" srcset=\"https:\/\/bombasseiautomacao.com.br\/wp-content\/uploads\/2024\/06\/Limpeza-parcial.jpg 916w, https:\/\/bombasseiautomacao.com.br\/wp-content\/uploads\/2024\/06\/Limpeza-parcial-280x300.jpg 280w, https:\/\/bombasseiautomacao.com.br\/wp-content\/uploads\/2024\/06\/Limpeza-parcial-768x822.jpg 768w\" sizes=\"(max-width: 916px) 100vw, 916px\" \/><\/a><\/figure><div class=\"elementor-image-box-content\"><h3 class=\"elementor-image-box-title\"><a href=\"#\">Limpeza parcial<\/a><\/h3><\/div><\/div>\t\t\t\t<\/div>\n\t\t\t\t<\/div>\n\t\t\t\t<div class=\"elementor-element elementor-element-5444f93 elementor-widget__width-initial elementor-position-top elementor-widget elementor-widget-image-box\" data-id=\"5444f93\" data-element_type=\"widget\" data-widget_type=\"image-box.default\">\n\t\t\t\t<div class=\"elementor-widget-container\">\n\t\t\t\t\t<div class=\"elementor-image-box-wrapper\"><figure class=\"elementor-image-box-img\"><a href=\"#\" tabindex=\"-1\"><img loading=\"lazy\" decoding=\"async\" width=\"916\" height=\"1033\" src=\"https:\/\/bombasseiautomacao.com.br\/wp-content\/uploads\/2024\/06\/Relatorios-Acumulados.jpg\" class=\"elementor-animation-grow attachment-full size-full wp-image-772\" alt=\"\" srcset=\"https:\/\/bombasseiautomacao.com.br\/wp-content\/uploads\/2024\/06\/Relatorios-Acumulados.jpg 916w, https:\/\/bombasseiautomacao.com.br\/wp-content\/uploads\/2024\/06\/Relatorios-Acumulados-266x300.jpg 266w, https:\/\/bombasseiautomacao.com.br\/wp-content\/uploads\/2024\/06\/Relatorios-Acumulados-908x1024.jpg 908w, https:\/\/bombasseiautomacao.com.br\/wp-content\/uploads\/2024\/06\/Relatorios-Acumulados-768x866.jpg 768w\" sizes=\"(max-width: 916px) 100vw, 916px\" \/><\/a><\/figure><div class=\"elementor-image-box-content\"><h3 class=\"elementor-image-box-title\"><a href=\"#\">Relat\u00f3rios Acumulados<\/a><\/h3><\/div><\/div>\t\t\t\t<\/div>\n\t\t\t\t<\/div>\n\t\t\t\t<div class=\"elementor-element elementor-element-e3a8ce4 elementor-widget__width-initial elementor-position-top elementor-widget elementor-widget-image-box\" data-id=\"e3a8ce4\" data-element_type=\"widget\" data-widget_type=\"image-box.default\">\n\t\t\t\t<div class=\"elementor-widget-container\">\n\t\t\t\t\t<div class=\"elementor-image-box-wrapper\"><figure class=\"elementor-image-box-img\"><a href=\"#\" tabindex=\"-1\"><img loading=\"lazy\" decoding=\"async\" width=\"916\" height=\"1047\" src=\"https:\/\/bombasseiautomacao.com.br\/wp-content\/uploads\/2024\/06\/Limpeza-do-acumulado.jpg\" class=\"elementor-animation-grow attachment-full size-full wp-image-767\" alt=\"\" srcset=\"https:\/\/bombasseiautomacao.com.br\/wp-content\/uploads\/2024\/06\/Limpeza-do-acumulado.jpg 916w, https:\/\/bombasseiautomacao.com.br\/wp-content\/uploads\/2024\/06\/Limpeza-do-acumulado-262x300.jpg 262w, https:\/\/bombasseiautomacao.com.br\/wp-content\/uploads\/2024\/06\/Limpeza-do-acumulado-896x1024.jpg 896w, https:\/\/bombasseiautomacao.com.br\/wp-content\/uploads\/2024\/06\/Limpeza-do-acumulado-768x878.jpg 768w\" sizes=\"(max-width: 916px) 100vw, 916px\" \/><\/a><\/figure><div class=\"elementor-image-box-content\"><h3 class=\"elementor-image-box-title\"><a href=\"#\">Limpeza do acumulado<\/a><\/h3><\/div><\/div>\t\t\t\t<\/div>\n\t\t\t\t<\/div>\n\t\t\t\t<div class=\"elementor-element elementor-element-6fe7e5d elementor-widget__width-initial elementor-position-top elementor-widget elementor-widget-image-box\" data-id=\"6fe7e5d\" data-element_type=\"widget\" data-widget_type=\"image-box.default\">\n\t\t\t\t<div class=\"elementor-widget-container\">\n\t\t\t\t\t<div class=\"elementor-image-box-wrapper\"><figure class=\"elementor-image-box-img\"><a href=\"#\" tabindex=\"-1\"><img loading=\"lazy\" decoding=\"async\" width=\"916\" height=\"2089\" src=\"https:\/\/bombasseiautomacao.com.br\/wp-content\/uploads\/2024\/06\/Programacao.jpg\" class=\"elementor-animation-grow attachment-full size-full wp-image-770\" alt=\"\" srcset=\"https:\/\/bombasseiautomacao.com.br\/wp-content\/uploads\/2024\/06\/Programacao.jpg 916w, https:\/\/bombasseiautomacao.com.br\/wp-content\/uploads\/2024\/06\/Programacao-132x300.jpg 132w, https:\/\/bombasseiautomacao.com.br\/wp-content\/uploads\/2024\/06\/Programacao-449x1024.jpg 449w, https:\/\/bombasseiautomacao.com.br\/wp-content\/uploads\/2024\/06\/Programacao-768x1751.jpg 768w, https:\/\/bombasseiautomacao.com.br\/wp-content\/uploads\/2024\/06\/Programacao-674x1536.jpg 674w, https:\/\/bombasseiautomacao.com.br\/wp-content\/uploads\/2024\/06\/Programacao-898x2048.jpg 898w\" sizes=\"(max-width: 916px) 100vw, 916px\" \/><\/a><\/figure><div class=\"elementor-image-box-content\"><h3 class=\"elementor-image-box-title\"><a href=\"#\">Programa\u00e7\u00e3o<\/a><\/h3><\/div><\/div>\t\t\t\t<\/div>\n\t\t\t\t<\/div>\n\t\t\t\t\t<\/div>\n\t\t\t\t<\/div>\n\t\t\t\t<\/div>\n\t\t","protected":false},"excerpt":{"rendered":"<p>iSmartX3A &#8211; Autenticador de Caixa Procurando por uma solu\u00e7\u00e3o n\u00e3o FISCAL, que seja SIMPLES e F\u00c1CIL de OPERAR para controlar seu neg\u00f3cio e ainda n\u00e3o ter que pagar MENSALIDADE como os programas para Computador, mas ser t\u00e3o completo como um programa de computador e ainda n\u00e3o pegar &#8216;v\u00edrus&#8217; de computador\u00a0e ainda poder usar nosso software [&hellip;]<\/p>\n","protected":false},"author":2,"featured_media":0,"parent":0,"menu_order":0,"comment_status":"closed","ping_status":"closed","template":"elementor_canvas","meta":{"_joinchat":[],"footnotes":""},"class_list":["post-659","page","type-page","status-publish","hentry"],"_links":{"self":[{"href":"https:\/\/bombasseiautomacao.com.br\/index.php\/wp-json\/wp\/v2\/pages\/659","targetHints":{"allow":["GET"]}}],"collection":[{"href":"https:\/\/bombasseiautomacao.com.br\/index.php\/wp-json\/wp\/v2\/pages"}],"about":[{"href":"https:\/\/bombasseiautomacao.com.br\/index.php\/wp-json\/wp\/v2\/types\/page"}],"author":[{"embeddable":true,"href":"https:\/\/bombasseiautomacao.com.br\/index.php\/wp-json\/wp\/v2\/users\/2"}],"replies":[{"embeddable":true,"href":"https:\/\/bombasseiautomacao.com.br\/index.php\/wp-json\/wp\/v2\/comments?post=659"}],"version-history":[{"count":7,"href":"https:\/\/bombasseiautomacao.com.br\/index.php\/wp-json\/wp\/v2\/pages\/659\/revisions"}],"predecessor-version":[{"id":776,"href":"https:\/\/bombasseiautomacao.com.br\/index.php\/wp-json\/wp\/v2\/pages\/659\/revisions\/776"}],"wp:attachment":[{"href":"https:\/\/bombasseiautomacao.com.br\/index.php\/wp-json\/wp\/v2\/media?parent=659"}],"curies":[{"name":"wp","href":"https:\/\/api.w.org\/{rel}","templated":true}]}}