{"id":656,"date":"2024-06-05T16:02:10","date_gmt":"2024-06-05T16:02:10","guid":{"rendered":"https:\/\/ligadonanet.com.br\/bombasseiautomacao\/?page_id=656"},"modified":"2024-06-19T18:49:13","modified_gmt":"2024-06-19T18:49:13","slug":"iloja-nao-fiscal","status":"publish","type":"page","link":"https:\/\/bombasseiautomacao.com.br\/index.php\/iloja-nao-fiscal\/","title":{"rendered":"iLoja N\u00e3o Fiscal"},"content":{"rendered":"\t\t<div data-elementor-type=\"wp-page\" data-elementor-id=\"656\" class=\"elementor elementor-656\">\n\t\t\t\t<div data-particle_enable=\"false\" data-particle-mobile-disabled=\"false\" class=\"elementor-element elementor-element-f605742 e-flex e-con-boxed wpr-particle-no wpr-jarallax-no wpr-parallax-no wpr-sticky-section-no e-con e-parent\" data-id=\"f605742\" data-element_type=\"container\" data-settings=\"{&quot;background_background&quot;:&quot;classic&quot;}\">\n\t\t\t\t\t<div class=\"e-con-inner\">\n\t\t\t\t<div class=\"elementor-element elementor-element-ee6839e elementor-widget__width-inherit elementor-widget elementor-widget-heading\" data-id=\"ee6839e\" data-element_type=\"widget\" data-widget_type=\"heading.default\">\n\t\t\t\t<div class=\"elementor-widget-container\">\n\t\t\t\t\t<h2 class=\"elementor-heading-title elementor-size-default\">iLoja N\u00e3o Fiscal<\/h2>\t\t\t\t<\/div>\n\t\t\t\t<\/div>\n\t\t\t\t<div class=\"elementor-element elementor-element-56e4c29 elementor-widget__width-inherit elementor-widget elementor-widget-image\" data-id=\"56e4c29\" data-element_type=\"widget\" data-widget_type=\"image.default\">\n\t\t\t\t<div class=\"elementor-widget-container\">\n\t\t\t\t\t\t\t\t\t\t\t\t\t\t\t<img fetchpriority=\"high\" decoding=\"async\" width=\"400\" height=\"192\" src=\"https:\/\/bombasseiautomacao.com.br\/wp-content\/uploads\/2024\/06\/iloja.png\" class=\"attachment-large size-large wp-image-742\" alt=\"\" srcset=\"https:\/\/bombasseiautomacao.com.br\/wp-content\/uploads\/2024\/06\/iloja.png 400w, https:\/\/bombasseiautomacao.com.br\/wp-content\/uploads\/2024\/06\/iloja-300x144.png 300w\" sizes=\"(max-width: 400px) 100vw, 400px\" \/>\t\t\t\t\t\t\t\t\t\t\t\t\t\t\t<\/div>\n\t\t\t\t<\/div>\n\t\t\t\t<div class=\"elementor-element elementor-element-5afce7c elementor-widget__width-inherit elementor-widget-mobile__width-inherit elementor-widget elementor-widget-text-editor\" data-id=\"5afce7c\" data-element_type=\"widget\" data-widget_type=\"text-editor.default\">\n\t\t\t\t<div class=\"elementor-widget-container\">\n\t\t\t\t\t\t\t\t\t<p>Procurando por uma solu\u00e7\u00e3o n\u00e3o FISCAL, que seja SIMPLES e F\u00c1CIL de OPERAR para controlar seu neg\u00f3cio e ainda n\u00e3o ter que pagar MENSALIDADE como os programas para Computador, mas ser t\u00e3o completo como um programa de computador e ainda n\u00e3o pegar &#8216;v\u00edrus&#8217; de computador e ainda poder usar nosso software gerenciador para facilitar a programa\u00e7\u00e3o. E se amanh\u00e3 precisar TRANSFORMAR em VERS\u00c2O FISCAL \u00e9 esse o produto indicado. ?<\/p><p><strong>Conhe\u00e7a o iSAT N\u00c3O FISCAL<\/strong><\/p><p>\u00c9 um Teclado Inteligente, completo, super compacto n\u00e3o ocupa espa\u00e7o, n\u00e3o necessita de ambiente especial para operar como os computadores, suporta boa varia\u00e7\u00e3o de tens\u00e3o e temperatura.<\/p><p>Seu programa \u00e9 totalmente INTERATIVO, ou seja, simples de programar. Se j\u00e1 operou alguma Registradora, ver\u00e1 que \u00e9 SIMPLES de usar.<\/p><p>A grande maioria das funcionalidades j\u00e1 est\u00e3o dispon\u00edveis diretamente nas teclas, bastando pressionar a tecla para executar uma opera\u00e7\u00e3o.<\/p><p>Para ficar completo, necessita apenas de uma IMPRESSORA n\u00e3o Fiscal com interface serial ou USB. Se desejar aumentar sua funcionalidade, pode acoplar um Display Torre de Cliente, uma balan\u00e7a eletr\u00f4nica, um leitor de c\u00f3digo de barras, em uma das suas 2 portas de expans\u00e3o de perif\u00e9ricos.<\/p><p>Este terminal fornece todos os relat\u00f3rios financeiros como movimenta\u00e7\u00e3o de caixa, faturamento dos operadores, controles dos produtos vendidos di\u00e1rios e peri\u00f3dicos.<\/p><p>Faz tudo o que uma Registradora ou um Computador faz, mas em tamanho reduzido, economizando espa\u00e7o com muito mais seguran\u00e7a no armazenamento dos seus dados.<\/p>\t\t\t\t\t\t\t\t<\/div>\n\t\t\t\t<\/div>\n\t\t\t\t\t<\/div>\n\t\t\t\t<\/div>\n\t\t<div data-particle_enable=\"false\" data-particle-mobile-disabled=\"false\" class=\"elementor-element elementor-element-74ebc69 e-flex e-con-boxed wpr-particle-no wpr-jarallax-no wpr-parallax-no wpr-sticky-section-no e-con e-parent\" data-id=\"74ebc69\" data-element_type=\"container\" data-settings=\"{&quot;background_background&quot;:&quot;classic&quot;}\">\n\t\t\t\t\t<div class=\"e-con-inner\">\n\t\t\t\t<div class=\"elementor-element elementor-element-330bb04 elementor-widget__width-inherit elementor-widget elementor-widget-heading\" data-id=\"330bb04\" data-element_type=\"widget\" data-widget_type=\"heading.default\">\n\t\t\t\t<div class=\"elementor-widget-container\">\n\t\t\t\t\t<h2 class=\"elementor-heading-title elementor-size-default\">Impressoras<\/h2>\t\t\t\t<\/div>\n\t\t\t\t<\/div>\n\t\t\t\t<div class=\"elementor-element elementor-element-7367686 elementor-widget__width-initial elementor-position-top elementor-widget elementor-widget-image-box\" data-id=\"7367686\" data-element_type=\"widget\" data-widget_type=\"image-box.default\">\n\t\t\t\t<div class=\"elementor-widget-container\">\n\t\t\t\t\t<div class=\"elementor-image-box-wrapper\"><figure class=\"elementor-image-box-img\"><a href=\"#\" tabindex=\"-1\"><img decoding=\"async\" width=\"150\" height=\"141\" src=\"https:\/\/bombasseiautomacao.com.br\/wp-content\/uploads\/2024\/06\/Impressora-Epson-TM-T20x.png\" class=\"elementor-animation-grow attachment-full size-full wp-image-732\" alt=\"\" \/><\/a><\/figure><div class=\"elementor-image-box-content\"><h3 class=\"elementor-image-box-title\"><a href=\"#\">Impressora Epson <br>TM-T20x<\/a><\/h3><\/div><\/div>\t\t\t\t<\/div>\n\t\t\t\t<\/div>\n\t\t\t\t<div class=\"elementor-element elementor-element-df27bb3 elementor-widget__width-initial elementor-position-top elementor-widget elementor-widget-image-box\" data-id=\"df27bb3\" data-element_type=\"widget\" data-widget_type=\"image-box.default\">\n\t\t\t\t<div class=\"elementor-widget-container\">\n\t\t\t\t\t<div class=\"elementor-image-box-wrapper\"><figure class=\"elementor-image-box-img\"><a href=\"#\" tabindex=\"-1\"><img decoding=\"async\" width=\"110\" height=\"110\" src=\"https:\/\/bombasseiautomacao.com.br\/wp-content\/uploads\/2024\/06\/Impressora-Bematech-MP4200.png\" class=\"elementor-animation-grow attachment-full size-full wp-image-728\" alt=\"\" \/><\/a><\/figure><div class=\"elementor-image-box-content\"><h3 class=\"elementor-image-box-title\"><a href=\"#\">Impressora Bematech MP4200<\/a><\/h3><\/div><\/div>\t\t\t\t<\/div>\n\t\t\t\t<\/div>\n\t\t\t\t<div class=\"elementor-element elementor-element-824b1c5 elementor-widget__width-initial elementor-position-top elementor-widget elementor-widget-image-box\" data-id=\"824b1c5\" data-element_type=\"widget\" data-widget_type=\"image-box.default\">\n\t\t\t\t<div class=\"elementor-widget-container\">\n\t\t\t\t\t<div class=\"elementor-image-box-wrapper\"><figure class=\"elementor-image-box-img\"><a href=\"#\" tabindex=\"-1\"><img loading=\"lazy\" decoding=\"async\" width=\"110\" height=\"110\" src=\"https:\/\/bombasseiautomacao.com.br\/wp-content\/uploads\/2024\/06\/Impressora-Tanca-TP825.png\" class=\"elementor-animation-grow attachment-full size-full wp-image-731\" alt=\"\" \/><\/a><\/figure><div class=\"elementor-image-box-content\"><h3 class=\"elementor-image-box-title\"><a href=\"#\">Impressora Tanca TP825<\/a><\/h3><\/div><\/div>\t\t\t\t<\/div>\n\t\t\t\t<\/div>\n\t\t\t\t<div class=\"elementor-element elementor-element-faec4d4 elementor-widget__width-initial elementor-position-top elementor-widget elementor-widget-image-box\" data-id=\"faec4d4\" data-element_type=\"widget\" data-widget_type=\"image-box.default\">\n\t\t\t\t<div class=\"elementor-widget-container\">\n\t\t\t\t\t<div class=\"elementor-image-box-wrapper\"><figure class=\"elementor-image-box-img\"><a href=\"#\" tabindex=\"-1\"><img loading=\"lazy\" decoding=\"async\" width=\"110\" height=\"110\" src=\"https:\/\/bombasseiautomacao.com.br\/wp-content\/uploads\/2024\/06\/Impressora-Daruma-DR700.png\" class=\"elementor-animation-grow attachment-full size-full wp-image-726\" alt=\"\" \/><\/a><\/figure><div class=\"elementor-image-box-content\"><h3 class=\"elementor-image-box-title\"><a href=\"#\">Impressora Daruma DR800<\/a><\/h3><\/div><\/div>\t\t\t\t<\/div>\n\t\t\t\t<\/div>\n\t\t\t\t<div class=\"elementor-element elementor-element-039166f elementor-widget__width-initial elementor-position-top elementor-widget elementor-widget-image-box\" data-id=\"039166f\" data-element_type=\"widget\" data-widget_type=\"image-box.default\">\n\t\t\t\t<div class=\"elementor-widget-container\">\n\t\t\t\t\t<div class=\"elementor-image-box-wrapper\"><figure class=\"elementor-image-box-img\"><a href=\"#\" tabindex=\"-1\"><img loading=\"lazy\" decoding=\"async\" width=\"110\" height=\"110\" src=\"https:\/\/bombasseiautomacao.com.br\/wp-content\/uploads\/2024\/06\/Impressora-Tanca-TP650.png\" class=\"elementor-animation-grow attachment-full size-full wp-image-730\" alt=\"\" \/><\/a><\/figure><div class=\"elementor-image-box-content\"><h3 class=\"elementor-image-box-title\"><a href=\"#\">Impressora Tanca TP650<\/a><\/h3><\/div><\/div>\t\t\t\t<\/div>\n\t\t\t\t<\/div>\n\t\t\t\t<div class=\"elementor-element elementor-element-6852b52 elementor-widget__width-initial elementor-position-top elementor-widget elementor-widget-image-box\" data-id=\"6852b52\" data-element_type=\"widget\" data-widget_type=\"image-box.default\">\n\t\t\t\t<div class=\"elementor-widget-container\">\n\t\t\t\t\t<div class=\"elementor-image-box-wrapper\"><figure class=\"elementor-image-box-img\"><a href=\"#\" tabindex=\"-1\"><img loading=\"lazy\" decoding=\"async\" width=\"110\" height=\"110\" src=\"https:\/\/bombasseiautomacao.com.br\/wp-content\/uploads\/2024\/06\/Impressora-CIS-PR3000.png\" class=\"elementor-animation-grow attachment-full size-full wp-image-725\" alt=\"\" \/><\/a><\/figure><div class=\"elementor-image-box-content\"><h3 class=\"elementor-image-box-title\"><a href=\"#\">Impressora CIS PR3000<\/a><\/h3><\/div><\/div>\t\t\t\t<\/div>\n\t\t\t\t<\/div>\n\t\t\t\t<div class=\"elementor-element elementor-element-020452d elementor-widget__width-initial elementor-position-top elementor-widget elementor-widget-image-box\" data-id=\"020452d\" data-element_type=\"widget\" data-widget_type=\"image-box.default\">\n\t\t\t\t<div class=\"elementor-widget-container\">\n\t\t\t\t\t<div class=\"elementor-image-box-wrapper\"><figure class=\"elementor-image-box-img\"><a href=\"#\" tabindex=\"-1\"><img loading=\"lazy\" decoding=\"async\" width=\"188\" height=\"175\" src=\"https:\/\/bombasseiautomacao.com.br\/wp-content\/uploads\/2024\/06\/Impressora-Sweda-Si300.png\" class=\"elementor-animation-grow attachment-full size-full wp-image-729\" alt=\"\" \/><\/a><\/figure><div class=\"elementor-image-box-content\"><h3 class=\"elementor-image-box-title\"><a href=\"#\">Impressora Sweda Si300<\/a><\/h3><\/div><\/div>\t\t\t\t<\/div>\n\t\t\t\t<\/div>\n\t\t\t\t<div class=\"elementor-element elementor-element-01fbb8d elementor-widget__width-initial elementor-position-top elementor-widget elementor-widget-image-box\" data-id=\"01fbb8d\" data-element_type=\"widget\" data-widget_type=\"image-box.default\">\n\t\t\t\t<div class=\"elementor-widget-container\">\n\t\t\t\t\t<div class=\"elementor-image-box-wrapper\"><figure class=\"elementor-image-box-img\"><a href=\"#\" tabindex=\"-1\"><img loading=\"lazy\" decoding=\"async\" width=\"110\" height=\"110\" src=\"https:\/\/bombasseiautomacao.com.br\/wp-content\/uploads\/2024\/06\/Impressora-Elgin-i9.png\" class=\"elementor-animation-grow attachment-full size-full wp-image-727\" alt=\"\" \/><\/a><\/figure><div class=\"elementor-image-box-content\"><h3 class=\"elementor-image-box-title\"><a href=\"#\">Impressora Elgin i9<\/a><\/h3><\/div><\/div>\t\t\t\t<\/div>\n\t\t\t\t<\/div>\n\t\t\t\t\t<\/div>\n\t\t\t\t<\/div>\n\t\t\t\t<\/div>\n\t\t","protected":false},"excerpt":{"rendered":"<p>iLoja N\u00e3o Fiscal Procurando por uma solu\u00e7\u00e3o n\u00e3o FISCAL, que seja SIMPLES e F\u00c1CIL de OPERAR para controlar seu neg\u00f3cio e ainda n\u00e3o ter que pagar MENSALIDADE como os programas para Computador, mas ser t\u00e3o completo como um programa de computador e ainda n\u00e3o pegar &#8216;v\u00edrus&#8217; de computador e ainda poder usar nosso software gerenciador [&hellip;]<\/p>\n","protected":false},"author":2,"featured_media":0,"parent":0,"menu_order":0,"comment_status":"closed","ping_status":"closed","template":"elementor_canvas","meta":{"_joinchat":[],"footnotes":""},"class_list":["post-656","page","type-page","status-publish","hentry"],"_links":{"self":[{"href":"https:\/\/bombasseiautomacao.com.br\/index.php\/wp-json\/wp\/v2\/pages\/656","targetHints":{"allow":["GET"]}}],"collection":[{"href":"https:\/\/bombasseiautomacao.com.br\/index.php\/wp-json\/wp\/v2\/pages"}],"about":[{"href":"https:\/\/bombasseiautomacao.com.br\/index.php\/wp-json\/wp\/v2\/types\/page"}],"author":[{"embeddable":true,"href":"https:\/\/bombasseiautomacao.com.br\/index.php\/wp-json\/wp\/v2\/users\/2"}],"replies":[{"embeddable":true,"href":"https:\/\/bombasseiautomacao.com.br\/index.php\/wp-json\/wp\/v2\/comments?post=656"}],"version-history":[{"count":13,"href":"https:\/\/bombasseiautomacao.com.br\/index.php\/wp-json\/wp\/v2\/pages\/656\/revisions"}],"predecessor-version":[{"id":1003,"href":"https:\/\/bombasseiautomacao.com.br\/index.php\/wp-json\/wp\/v2\/pages\/656\/revisions\/1003"}],"wp:attachment":[{"href":"https:\/\/bombasseiautomacao.com.br\/index.php\/wp-json\/wp\/v2\/media?parent=656"}],"curies":[{"name":"wp","href":"https:\/\/api.w.org\/{rel}","templated":true}]}}