{"id":520,"date":"2024-06-04T14:30:34","date_gmt":"2024-06-04T14:30:34","guid":{"rendered":"https:\/\/ligadonanet.com.br\/bombasseiautomacao\/?page_id=520"},"modified":"2024-06-06T22:14:04","modified_gmt":"2024-06-06T22:14:04","slug":"softwares","status":"publish","type":"page","link":"https:\/\/bombasseiautomacao.com.br\/index.php\/softwares\/","title":{"rendered":"Softwares"},"content":{"rendered":"\t\t<div data-elementor-type=\"wp-page\" data-elementor-id=\"520\" class=\"elementor elementor-520\">\n\t\t\t\t<div data-particle_enable=\"false\" data-particle-mobile-disabled=\"false\" class=\"elementor-element elementor-element-649cf90 e-flex e-con-boxed wpr-particle-no wpr-jarallax-no wpr-parallax-no wpr-sticky-section-no e-con e-parent\" data-id=\"649cf90\" data-element_type=\"container\" data-settings=\"{&quot;background_background&quot;:&quot;classic&quot;}\">\n\t\t\t\t\t<div class=\"e-con-inner\">\n\t\t\t\t<div class=\"elementor-element elementor-element-571135b elementor-widget__width-inherit elementor-widget elementor-widget-heading\" data-id=\"571135b\" data-element_type=\"widget\" data-widget_type=\"heading.default\">\n\t\t\t\t<div class=\"elementor-widget-container\">\n\t\t\t\t\t<h2 class=\"elementor-heading-title elementor-size-default\">Nossos Softwares<\/h2>\t\t\t\t<\/div>\n\t\t\t\t<\/div>\n\t\t\t\t<div class=\"elementor-element elementor-element-6160631 elementor-widget__width-initial elementor-position-left elementor-vertical-align-middle elementor-widget elementor-widget-image-box\" data-id=\"6160631\" data-element_type=\"widget\" data-widget_type=\"image-box.default\">\n\t\t\t\t<div class=\"elementor-widget-container\">\n\t\t\t\t\t<div class=\"elementor-image-box-wrapper\"><figure class=\"elementor-image-box-img\"><a href=\"https:\/\/bombasseiautomacao.com.br\/index.php\/emissor-de-nota-fiscal-eletronica-modelo-55\/\" tabindex=\"-1\"><img fetchpriority=\"high\" decoding=\"async\" width=\"600\" height=\"600\" src=\"https:\/\/bombasseiautomacao.com.br\/wp-content\/uploads\/2024\/05\/Emissor-de-Nota-Fiscal-Eletronica-modelo-55.png\" class=\"elementor-animation-grow attachment-full size-full wp-image-317\" alt=\"\" srcset=\"https:\/\/bombasseiautomacao.com.br\/wp-content\/uploads\/2024\/05\/Emissor-de-Nota-Fiscal-Eletronica-modelo-55.png 600w, https:\/\/bombasseiautomacao.com.br\/wp-content\/uploads\/2024\/05\/Emissor-de-Nota-Fiscal-Eletronica-modelo-55-300x300.png 300w, https:\/\/bombasseiautomacao.com.br\/wp-content\/uploads\/2024\/05\/Emissor-de-Nota-Fiscal-Eletronica-modelo-55-150x150.png 150w\" sizes=\"(max-width: 600px) 100vw, 600px\" \/><\/a><\/figure><div class=\"elementor-image-box-content\"><h3 class=\"elementor-image-box-title\"><a href=\"https:\/\/bombasseiautomacao.com.br\/index.php\/emissor-de-nota-fiscal-eletronica-modelo-55\/\">Emissor de Nota Fiscal Eletr\u00f4nica modelo 55<\/a><\/h3><p class=\"elementor-image-box-description\">Ideal para todo tipo de estabelecimento que necessita de emiss\u00e3o de NF-e, seja empresas no Simples Nacional, ou empresas NORMAL.\n<br>\u3164<br>\u3164<\/p><\/div><\/div>\t\t\t\t<\/div>\n\t\t\t\t<\/div>\n\t\t\t\t<div class=\"elementor-element elementor-element-3e2ee50 elementor-widget__width-initial elementor-position-left elementor-vertical-align-middle elementor-widget elementor-widget-image-box\" data-id=\"3e2ee50\" data-element_type=\"widget\" data-widget_type=\"image-box.default\">\n\t\t\t\t<div class=\"elementor-widget-container\">\n\t\t\t\t\t<div class=\"elementor-image-box-wrapper\"><figure class=\"elementor-image-box-img\"><a href=\"https:\/\/bombasseiautomacao.com.br\/index.php\/software-para-todo-tipo-de-venda-a-varejo\/\" tabindex=\"-1\"><img decoding=\"async\" width=\"600\" height=\"600\" src=\"https:\/\/bombasseiautomacao.com.br\/wp-content\/uploads\/2024\/05\/Software-para-todo-tipo-de-Venda-a-Varejo.png\" class=\"elementor-animation-grow attachment-full size-full wp-image-326\" alt=\"\" srcset=\"https:\/\/bombasseiautomacao.com.br\/wp-content\/uploads\/2024\/05\/Software-para-todo-tipo-de-Venda-a-Varejo.png 600w, https:\/\/bombasseiautomacao.com.br\/wp-content\/uploads\/2024\/05\/Software-para-todo-tipo-de-Venda-a-Varejo-300x300.png 300w, https:\/\/bombasseiautomacao.com.br\/wp-content\/uploads\/2024\/05\/Software-para-todo-tipo-de-Venda-a-Varejo-150x150.png 150w\" sizes=\"(max-width: 600px) 100vw, 600px\" \/><\/a><\/figure><div class=\"elementor-image-box-content\"><h3 class=\"elementor-image-box-title\"><a href=\"https:\/\/bombasseiautomacao.com.br\/index.php\/software-para-todo-tipo-de-venda-a-varejo\/\">Software para todo tipo de Venda a Varejo<\/a><\/h3><p class=\"elementor-image-box-description\">Ideal para diversos neg\u00f3cios, desde supermercados at\u00e9 pesqueiros, oferecendo controle de comanda eletr\u00f4nica e integra\u00e7\u00e3o com Microterminais e Tablets.\n<br>\u3164<\/p><\/div><\/div>\t\t\t\t<\/div>\n\t\t\t\t<\/div>\n\t\t\t\t<div class=\"elementor-element elementor-element-ae57b82 elementor-widget__width-initial elementor-position-left elementor-vertical-align-middle elementor-widget elementor-widget-image-box\" data-id=\"ae57b82\" data-element_type=\"widget\" data-widget_type=\"image-box.default\">\n\t\t\t\t<div class=\"elementor-widget-container\">\n\t\t\t\t\t<div class=\"elementor-image-box-wrapper\"><figure class=\"elementor-image-box-img\"><a href=\"https:\/\/bombasseiautomacao.com.br\/index.php\/software-para-restaurantes-fast-food-delivery-e-similares\/\" tabindex=\"-1\"><img decoding=\"async\" width=\"600\" height=\"600\" src=\"https:\/\/bombasseiautomacao.com.br\/wp-content\/uploads\/2024\/05\/Software-para-Restaurantes.-Fast-Food-Delivery-e-Similares.png\" class=\"elementor-animation-grow attachment-full size-full wp-image-325\" alt=\"\" srcset=\"https:\/\/bombasseiautomacao.com.br\/wp-content\/uploads\/2024\/05\/Software-para-Restaurantes.-Fast-Food-Delivery-e-Similares.png 600w, https:\/\/bombasseiautomacao.com.br\/wp-content\/uploads\/2024\/05\/Software-para-Restaurantes.-Fast-Food-Delivery-e-Similares-300x300.png 300w, https:\/\/bombasseiautomacao.com.br\/wp-content\/uploads\/2024\/05\/Software-para-Restaurantes.-Fast-Food-Delivery-e-Similares-150x150.png 150w\" sizes=\"(max-width: 600px) 100vw, 600px\" \/><\/a><\/figure><div class=\"elementor-image-box-content\"><h3 class=\"elementor-image-box-title\"><a href=\"https:\/\/bombasseiautomacao.com.br\/index.php\/software-para-restaurantes-fast-food-delivery-e-similares\/\">Software para Restaurantes. Fast-Food, Delivery e Similares<\/a><\/h3><p class=\"elementor-image-box-description\">Ideal para todo tipo de estabelecimento do tipo Restaurantes, Pizzarias, Bares, Casas Noturnas, Fast-Food, Delivery, Com\u00e9rcio onde a venda \u00e9 feita direto no Balc\u00e3o, inclusive pesqueiros.<\/p><\/div><\/div>\t\t\t\t<\/div>\n\t\t\t\t<\/div>\n\t\t\t\t\t<\/div>\n\t\t\t\t<\/div>\n\t\t\t\t<\/div>\n\t\t","protected":false},"excerpt":{"rendered":"<p>Nossos Softwares Emissor de Nota Fiscal Eletr\u00f4nica modelo 55 Ideal para todo tipo de estabelecimento que necessita de emiss\u00e3o de NF-e, seja empresas no Simples Nacional, ou empresas NORMAL. \u3164\u3164 Software para todo tipo de Venda a Varejo Ideal para diversos neg\u00f3cios, desde supermercados at\u00e9 pesqueiros, oferecendo controle de comanda eletr\u00f4nica e integra\u00e7\u00e3o com Microterminais [&hellip;]<\/p>\n","protected":false},"author":2,"featured_media":0,"parent":0,"menu_order":0,"comment_status":"closed","ping_status":"closed","template":"elementor_canvas","meta":{"_joinchat":[],"footnotes":""},"class_list":["post-520","page","type-page","status-publish","hentry"],"_links":{"self":[{"href":"https:\/\/bombasseiautomacao.com.br\/index.php\/wp-json\/wp\/v2\/pages\/520","targetHints":{"allow":["GET"]}}],"collection":[{"href":"https:\/\/bombasseiautomacao.com.br\/index.php\/wp-json\/wp\/v2\/pages"}],"about":[{"href":"https:\/\/bombasseiautomacao.com.br\/index.php\/wp-json\/wp\/v2\/types\/page"}],"author":[{"embeddable":true,"href":"https:\/\/bombasseiautomacao.com.br\/index.php\/wp-json\/wp\/v2\/users\/2"}],"replies":[{"embeddable":true,"href":"https:\/\/bombasseiautomacao.com.br\/index.php\/wp-json\/wp\/v2\/comments?post=520"}],"version-history":[{"count":14,"href":"https:\/\/bombasseiautomacao.com.br\/index.php\/wp-json\/wp\/v2\/pages\/520\/revisions"}],"predecessor-version":[{"id":928,"href":"https:\/\/bombasseiautomacao.com.br\/index.php\/wp-json\/wp\/v2\/pages\/520\/revisions\/928"}],"wp:attachment":[{"href":"https:\/\/bombasseiautomacao.com.br\/index.php\/wp-json\/wp\/v2\/media?parent=520"}],"curies":[{"name":"wp","href":"https:\/\/api.w.org\/{rel}","templated":true}]}}