{"id":169,"date":"2017-01-27T00:37:15","date_gmt":"2017-01-27T00:37:15","guid":{"rendered":"http:\/\/bombasseiautomacao.com.br\/?page_id=169"},"modified":"2024-06-05T13:58:48","modified_gmt":"2024-06-05T13:58:48","slug":"contrato-de-manutencao","status":"publish","type":"page","link":"https:\/\/bombasseiautomacao.com.br\/index.php\/contrato-de-manutencao\/","title":{"rendered":"CONTRATO DE MANUTEN\u00c7\u00c3O"},"content":{"rendered":"\t\t<div data-elementor-type=\"wp-page\" data-elementor-id=\"169\" class=\"elementor elementor-169\">\n\t\t\t\t<div data-particle_enable=\"false\" data-particle-mobile-disabled=\"false\" class=\"elementor-element elementor-element-12d2e75a e-flex e-con-boxed wpr-particle-no wpr-jarallax-no wpr-parallax-no wpr-sticky-section-no e-con e-parent\" data-id=\"12d2e75a\" data-element_type=\"container\">\n\t\t\t\t\t<div class=\"e-con-inner\">\n\t\t\t\t\t<\/div>\n\t\t\t\t<\/div>\n\t\t<div data-particle_enable=\"false\" data-particle-mobile-disabled=\"false\" class=\"elementor-element elementor-element-de46aeb e-flex e-con-boxed wpr-particle-no wpr-jarallax-no wpr-parallax-no wpr-sticky-section-no e-con e-parent\" data-id=\"de46aeb\" data-element_type=\"container\" data-settings=\"{&quot;background_background&quot;:&quot;classic&quot;}\">\n\t\t\t\t\t<div class=\"e-con-inner\">\n\t\t\t\t<div class=\"elementor-element elementor-element-a503037 elementor-widget__width-inherit elementor-widget elementor-widget-heading\" data-id=\"a503037\" data-element_type=\"widget\" data-widget_type=\"heading.default\">\n\t\t\t\t<div class=\"elementor-widget-container\">\n\t\t\t\t\t<h2 class=\"elementor-heading-title elementor-size-default\">CONTRATO DE MANUTEN\u00c7\u00c3O<\/h2>\t\t\t\t<\/div>\n\t\t\t\t<\/div>\n\t\t\t\t<div class=\"elementor-element elementor-element-221ae1c elementor-widget__width-inherit elementor-widget-mobile__width-inherit elementor-widget elementor-widget-text-editor\" data-id=\"221ae1c\" data-element_type=\"widget\" data-widget_type=\"text-editor.default\">\n\t\t\t\t<div class=\"elementor-widget-container\">\n\t\t\t\t\t\t\t\t\t<p><span style=\"color: #000000;\"><strong>Vantagens de ter um contrato de Assist\u00eancia T\u00e9cnica<\/strong><\/span><\/p><p><span style=\"color: #1f89b3;\"><strong>1 \u2013 REDU\u00c7\u00c3O DE CUSTO COM EQUIPAMENTO<\/strong><\/span><\/p><p>Equipamentos com MANUTEN\u00c7\u00c3O preventiva adequada sofrem menos desgastes e, portanto tem sua vida \u00fatil ampliada.<\/p><p><span style=\"color: #1f89b3;\"><strong>2 \u2013 AUMENTO DE PRODUTIVIDADE<\/strong><\/span><\/p><p>Um equipamento em perfeitas condi\u00e7\u00f5es oferece ao operador uma possibilidade de exercer sua fun\u00e7\u00e3o a plena capacidade, sem perder tempo com eventuais surpresas.<\/p><p><span style=\"color: #1f89b3;\"><strong>3 \u2013 FACILIDADE NA SOLU\u00c7\u00c3O DE PROBLEMAS<\/strong><\/span><\/p><p>Quando surge alguma dificuldade com seu equipamento n\u00e3o h\u00e1 necessidade de sair garimpando um t\u00e9cnico desconhecido, isso gera seguran\u00e7a.<\/p><p><span style=\"color: #1f89b3;\"><strong>4 \u2013 ATENDIMENTO PERSONALIZADO<\/strong><\/span><\/p><p>O CONTRATO permite estreitar la\u00e7os entre o t\u00e9cnico e a empresa o que acaba gerando uma saud\u00e1vel parceria e ao mesmo tempo uma rela\u00e7\u00e3o de confian\u00e7a o que por si s\u00f3 \u00e9 um excelente ganho, al\u00e9m de um atendimento r\u00e1pido e eficiente.<\/p><p><span style=\"color: #1f89b3;\"><strong>5 \u2013 CONSULTORIA<\/strong><\/span><\/p><p>Dentre as diversas VANTAGENS de um CONTRATO esta \u00e9 sem duvidas um grande beneficio, a consultoria fecha diversos gargalos. Por ex. na compra de equipamentos, o que \u00e9 melhor?, O que \u00e9 mais adequado? Na mudan\u00e7a de softwares ou equipamentos, enfim uma consultoria personalizada ajuda e muito.<\/p><p><span style=\"color: #1f89b3;\"><strong>6 \u2013 BACKUP DE EQUIPAMENTOS<\/strong><\/span><\/p><p>Quando um microterminal ou uma impressora precisam parar para uma assist\u00eancia mais complexa, como \u00e9 bom ter um substituto. Ningu\u00e9m precisa parar; novamente ganho de produtividade.<\/p><p><span style=\"color: #1f89b3;\"><strong>7 \u2013 ORIENTA\u00c7\u00c3O<\/strong><\/span><\/p><p>Uma serie de orienta\u00e7\u00f5es s\u00e3o passadas visando um melhor uso e desempenho da maquina, evitando que o operador caia em pequenas armadilhas que podem danificar o software e at\u00e9 mesmo o pr\u00f3prio equipamento.<\/p>\t\t\t\t\t\t\t\t<\/div>\n\t\t\t\t<\/div>\n\t\t\t\t\t<\/div>\n\t\t\t\t<\/div>\n\t\t\t\t<\/div>\n\t\t","protected":false},"excerpt":{"rendered":"<p>CONTRATO DE MANUTEN\u00c7\u00c3O Vantagens de ter um contrato de Assist\u00eancia T\u00e9cnica 1 \u2013 REDU\u00c7\u00c3O DE CUSTO COM EQUIPAMENTO Equipamentos com MANUTEN\u00c7\u00c3O preventiva adequada sofrem menos desgastes e, portanto tem sua vida \u00fatil ampliada. 2 \u2013 AUMENTO DE PRODUTIVIDADE Um equipamento em perfeitas condi\u00e7\u00f5es oferece ao operador uma possibilidade de exercer sua fun\u00e7\u00e3o a plena capacidade, [&hellip;]<\/p>\n","protected":false},"author":1,"featured_media":0,"parent":0,"menu_order":0,"comment_status":"closed","ping_status":"closed","template":"elementor_canvas","meta":{"_joinchat":[],"footnotes":""},"class_list":["post-169","page","type-page","status-publish","hentry"],"_links":{"self":[{"href":"https:\/\/bombasseiautomacao.com.br\/index.php\/wp-json\/wp\/v2\/pages\/169","targetHints":{"allow":["GET"]}}],"collection":[{"href":"https:\/\/bombasseiautomacao.com.br\/index.php\/wp-json\/wp\/v2\/pages"}],"about":[{"href":"https:\/\/bombasseiautomacao.com.br\/index.php\/wp-json\/wp\/v2\/types\/page"}],"author":[{"embeddable":true,"href":"https:\/\/bombasseiautomacao.com.br\/index.php\/wp-json\/wp\/v2\/users\/1"}],"replies":[{"embeddable":true,"href":"https:\/\/bombasseiautomacao.com.br\/index.php\/wp-json\/wp\/v2\/comments?post=169"}],"version-history":[{"count":10,"href":"https:\/\/bombasseiautomacao.com.br\/index.php\/wp-json\/wp\/v2\/pages\/169\/revisions"}],"predecessor-version":[{"id":647,"href":"https:\/\/bombasseiautomacao.com.br\/index.php\/wp-json\/wp\/v2\/pages\/169\/revisions\/647"}],"wp:attachment":[{"href":"https:\/\/bombasseiautomacao.com.br\/index.php\/wp-json\/wp\/v2\/media?parent=169"}],"curies":[{"name":"wp","href":"https:\/\/api.w.org\/{rel}","templated":true}]}}