{"id":1032,"date":"2025-04-01T13:16:45","date_gmt":"2025-04-01T13:16:45","guid":{"rendered":"https:\/\/bombasseiautomacao.com.br\/?page_id=1032"},"modified":"2025-04-01T14:30:50","modified_gmt":"2025-04-01T14:30:50","slug":"infce-cupom-fiscal","status":"publish","type":"page","link":"https:\/\/bombasseiautomacao.com.br\/index.php\/infce-cupom-fiscal\/","title":{"rendered":"iNFCe Cupom Fiscal"},"content":{"rendered":"\t\t<div data-elementor-type=\"wp-page\" data-elementor-id=\"1032\" class=\"elementor elementor-1032\">\n\t\t\t\t<div data-particle_enable=\"false\" data-particle-mobile-disabled=\"false\" class=\"elementor-element elementor-element-de46aeb e-flex e-con-boxed wpr-particle-no wpr-jarallax-no wpr-parallax-no wpr-sticky-section-no e-con e-parent\" data-id=\"de46aeb\" data-element_type=\"container\" data-settings=\"{&quot;background_background&quot;:&quot;classic&quot;}\">\n\t\t\t\t\t<div class=\"e-con-inner\">\n\t\t\t\t<div class=\"elementor-element elementor-element-a503037 elementor-widget__width-inherit elementor-widget elementor-widget-heading\" data-id=\"a503037\" data-element_type=\"widget\" data-widget_type=\"heading.default\">\n\t\t\t\t<div class=\"elementor-widget-container\">\n\t\t\t\t\t<h2 class=\"elementor-heading-title elementor-size-default\">iNFCe Cupom Fiscal<\/h2>\t\t\t\t<\/div>\n\t\t\t\t<\/div>\n\t\t\t\t<div class=\"elementor-element elementor-element-bd3e04e elementor-widget__width-inherit elementor-widget elementor-widget-image\" data-id=\"bd3e04e\" data-element_type=\"widget\" data-widget_type=\"image.default\">\n\t\t\t\t<div class=\"elementor-widget-container\">\n\t\t\t\t\t\t\t\t\t\t\t\t\t\t\t<img fetchpriority=\"high\" decoding=\"async\" width=\"450\" height=\"400\" src=\"https:\/\/bombasseiautomacao.com.br\/wp-content\/uploads\/2025\/04\/iNFCe-Cupom-Fiscal.png\" class=\"attachment-large size-large wp-image-1044\" alt=\"\" srcset=\"https:\/\/bombasseiautomacao.com.br\/wp-content\/uploads\/2025\/04\/iNFCe-Cupom-Fiscal.png 450w, https:\/\/bombasseiautomacao.com.br\/wp-content\/uploads\/2025\/04\/iNFCe-Cupom-Fiscal-300x267.png 300w\" sizes=\"(max-width: 450px) 100vw, 450px\" \/>\t\t\t\t\t\t\t\t\t\t\t\t\t\t\t<\/div>\n\t\t\t\t<\/div>\n\t\t\t\t<div class=\"elementor-element elementor-element-221ae1c elementor-widget__width-inherit elementor-widget-mobile__width-inherit elementor-widget elementor-widget-text-editor\" data-id=\"221ae1c\" data-element_type=\"widget\" data-widget_type=\"text-editor.default\">\n\t\t\t\t<div class=\"elementor-widget-container\">\n\t\t\t\t\t\t\t\t\t<p><strong>EST\u00c1 OBRIGADO A EMITIR CUPOM FISCAL?<\/strong><br \/><strong>N\u00c3O QUER USAR COMPUTADOR (CAROS) QUE PEGAM V\u00cdRUS?<\/strong><br \/><strong>N\u00c3O TEM MUITO ESPA\u00c7O PARA COLOCAR O CHECKOUT?<\/strong><\/p><p>Procurando por uma solu\u00e7\u00e3o FISCAL para operar com\u00a0<strong>CUPOM FISCAL<\/strong>, que seja SIMPLES e F\u00c1CIL de OPERAR para controlar seu neg\u00f3cio e ainda n\u00e3o ter que pagar MENSALIDADE como os programas para Computador, mas ser t\u00e3o completo como um programa de computador e ainda n\u00e3o pegar &#8216;v\u00edrus&#8217; de computador\u00a0<strong>e ainda poder usar nosso software gerenciador<\/strong> para facilitar a programa\u00e7\u00e3o, retirar os arquivos XML fiscais e enviar por e-mail direto para seu contador.<\/p><p><strong>CONHE\u00c7A O MICROTERMINAL iNFCe FISCAL<\/strong><\/p><p>\u00c9 um Teclado Inteligente, completo, super compacto n\u00e3o ocupa espa\u00e7o, n\u00e3o necessita de ambiente especial para operar como os computadores, suporta boa varia\u00e7\u00e3o de tens\u00e3o e temperatura.<br \/>Seu programa \u00e9 totalmente INTERATIVO, ou seja, simples de usar e programar. Se j\u00e1 operou alguma Registradora, ver\u00e1 que \u00e9 SIMPLES de usar.<br \/>A grande maioria das funcionalidades j\u00e1 est\u00e3o dispon\u00edveis diretamente nas teclas, bastando pressionar a tecla para executar uma opera\u00e7\u00e3o.<br \/>Para ficar completo, necessita apenas de uma IMPRESSORA n\u00e3o Fiscal com interface serial ou USB. Se desejar aumentar sua funcionalidade, pode acoplar um Display Torre de Cliente, uma balan\u00e7a eletr\u00f4nica, um leitor de c\u00f3digo de barras, em uma das suas 2 portas de expans\u00e3o de perif\u00e9ricos.<br \/>Este terminal fornece todos os relat\u00f3rios financeiros como movimenta\u00e7\u00e3o de caixa, faturamento dos operadores, controles dos produtos vendidos di\u00e1rios e peri\u00f3dicos.<br \/>Faz tudo o que uma Registradora ou um Computador faz, mas em tamanho reduzido, economizando espa\u00e7o com muito mais seguran\u00e7a no armazenamento dos seus dados. IMPORTANTE, seu funcion\u00e1rio n\u00e3o fica acessando Internet ou mesmo jogando<br \/>N\u00c3O PEGA V\u00cdRUS<\/p><p><strong>VOC\u00ca PRECISA SOMENTE DO MICROTERMINAL, UMA MINI IMPRESSORA E UM PONTO DE INTERNET, MAIS NADA<\/strong><\/p><p>Complemente com nosso Gerenciador PDV (gratuito) que te ajudar\u00e1 no cadastro dos seus produtos<br \/>Pode tamb\u00e9m assinar nosso aplicativo iNotas que te permite emitir Cupom Fiscal NFCe em ambientes externos como Feiras e Eventos<br \/>Armazene seus XML na Nuvem, e pelo aplicativo pode perfeitamente enviar os XML direto ao seu Contador<\/p>\t\t\t\t\t\t\t\t<\/div>\n\t\t\t\t<\/div>\n\t\t\t\t\t<\/div>\n\t\t\t\t<\/div>\n\t\t<div data-particle_enable=\"false\" data-particle-mobile-disabled=\"false\" class=\"elementor-element elementor-element-d0991c8 e-flex e-con-boxed wpr-particle-no wpr-jarallax-no wpr-parallax-no wpr-sticky-section-no e-con e-parent\" data-id=\"d0991c8\" data-element_type=\"container\" data-settings=\"{&quot;background_background&quot;:&quot;classic&quot;}\">\n\t\t\t\t\t<div class=\"e-con-inner\">\n\t\t\t\t<div class=\"elementor-element elementor-element-020ce08 elementor-widget__width-inherit elementor-widget elementor-widget-heading\" data-id=\"020ce08\" data-element_type=\"widget\" data-widget_type=\"heading.default\">\n\t\t\t\t<div class=\"elementor-widget-container\">\n\t\t\t\t\t<h2 class=\"elementor-heading-title elementor-size-default\">Impressoras<\/h2>\t\t\t\t<\/div>\n\t\t\t\t<\/div>\n\t\t\t\t<div class=\"elementor-element elementor-element-5d02e11 elementor-widget__width-initial elementor-position-top elementor-widget elementor-widget-image-box\" data-id=\"5d02e11\" data-element_type=\"widget\" data-widget_type=\"image-box.default\">\n\t\t\t\t<div class=\"elementor-widget-container\">\n\t\t\t\t\t<div class=\"elementor-image-box-wrapper\"><figure class=\"elementor-image-box-img\"><a href=\"#\" tabindex=\"-1\"><img decoding=\"async\" width=\"150\" height=\"141\" src=\"https:\/\/bombasseiautomacao.com.br\/wp-content\/uploads\/2024\/06\/Impressora-Epson-TM-T20x.png\" class=\"elementor-animation-grow attachment-full size-full wp-image-732\" alt=\"\" \/><\/a><\/figure><div class=\"elementor-image-box-content\"><h3 class=\"elementor-image-box-title\"><a href=\"#\">Impressora Epson <br>TM-T20x<\/a><\/h3><\/div><\/div>\t\t\t\t<\/div>\n\t\t\t\t<\/div>\n\t\t\t\t<div class=\"elementor-element elementor-element-f4c95b5 elementor-widget__width-initial elementor-position-top elementor-widget elementor-widget-image-box\" data-id=\"f4c95b5\" data-element_type=\"widget\" data-widget_type=\"image-box.default\">\n\t\t\t\t<div class=\"elementor-widget-container\">\n\t\t\t\t\t<div class=\"elementor-image-box-wrapper\"><figure class=\"elementor-image-box-img\"><a href=\"#\" tabindex=\"-1\"><img decoding=\"async\" width=\"110\" height=\"110\" src=\"https:\/\/bombasseiautomacao.com.br\/wp-content\/uploads\/2024\/06\/Impressora-Bematech-MP4200.png\" class=\"elementor-animation-grow attachment-full size-full wp-image-728\" alt=\"\" \/><\/a><\/figure><div class=\"elementor-image-box-content\"><h3 class=\"elementor-image-box-title\"><a href=\"#\">Impressora Bematech MP4200<\/a><\/h3><\/div><\/div>\t\t\t\t<\/div>\n\t\t\t\t<\/div>\n\t\t\t\t<div class=\"elementor-element elementor-element-dc3520e elementor-widget__width-initial elementor-position-top elementor-widget elementor-widget-image-box\" data-id=\"dc3520e\" data-element_type=\"widget\" data-widget_type=\"image-box.default\">\n\t\t\t\t<div class=\"elementor-widget-container\">\n\t\t\t\t\t<div class=\"elementor-image-box-wrapper\"><figure class=\"elementor-image-box-img\"><a href=\"#\" tabindex=\"-1\"><img loading=\"lazy\" decoding=\"async\" width=\"110\" height=\"110\" src=\"https:\/\/bombasseiautomacao.com.br\/wp-content\/uploads\/2024\/06\/Impressora-Tanca-TP825.png\" class=\"elementor-animation-grow attachment-full size-full wp-image-731\" alt=\"\" \/><\/a><\/figure><div class=\"elementor-image-box-content\"><h3 class=\"elementor-image-box-title\"><a href=\"#\">Impressora Tanca TP825<\/a><\/h3><\/div><\/div>\t\t\t\t<\/div>\n\t\t\t\t<\/div>\n\t\t\t\t<div class=\"elementor-element elementor-element-e71ccd9 elementor-widget__width-initial elementor-position-top elementor-widget elementor-widget-image-box\" data-id=\"e71ccd9\" data-element_type=\"widget\" data-widget_type=\"image-box.default\">\n\t\t\t\t<div class=\"elementor-widget-container\">\n\t\t\t\t\t<div class=\"elementor-image-box-wrapper\"><figure class=\"elementor-image-box-img\"><a href=\"#\" tabindex=\"-1\"><img loading=\"lazy\" decoding=\"async\" width=\"110\" height=\"110\" src=\"https:\/\/bombasseiautomacao.com.br\/wp-content\/uploads\/2024\/06\/Impressora-Daruma-DR700.png\" class=\"elementor-animation-grow attachment-full size-full wp-image-726\" alt=\"\" \/><\/a><\/figure><div class=\"elementor-image-box-content\"><h3 class=\"elementor-image-box-title\"><a href=\"#\">Impressora Daruma DR700 \/ DR800<\/a><\/h3><\/div><\/div>\t\t\t\t<\/div>\n\t\t\t\t<\/div>\n\t\t\t\t<div class=\"elementor-element elementor-element-a6acf33 elementor-widget__width-initial elementor-position-top elementor-widget elementor-widget-image-box\" data-id=\"a6acf33\" data-element_type=\"widget\" data-widget_type=\"image-box.default\">\n\t\t\t\t<div class=\"elementor-widget-container\">\n\t\t\t\t\t<div class=\"elementor-image-box-wrapper\"><figure class=\"elementor-image-box-img\"><a href=\"#\" tabindex=\"-1\"><img loading=\"lazy\" decoding=\"async\" width=\"110\" height=\"110\" src=\"https:\/\/bombasseiautomacao.com.br\/wp-content\/uploads\/2024\/06\/Impressora-Tanca-TP650.png\" class=\"elementor-animation-grow attachment-full size-full wp-image-730\" alt=\"\" \/><\/a><\/figure><div class=\"elementor-image-box-content\"><h3 class=\"elementor-image-box-title\"><a href=\"#\">Impressora Tanca TP650<\/a><\/h3><\/div><\/div>\t\t\t\t<\/div>\n\t\t\t\t<\/div>\n\t\t\t\t<div class=\"elementor-element elementor-element-311d34e elementor-widget__width-initial elementor-position-top elementor-widget elementor-widget-image-box\" data-id=\"311d34e\" data-element_type=\"widget\" data-widget_type=\"image-box.default\">\n\t\t\t\t<div class=\"elementor-widget-container\">\n\t\t\t\t\t<div class=\"elementor-image-box-wrapper\"><figure class=\"elementor-image-box-img\"><a href=\"#\" tabindex=\"-1\"><img loading=\"lazy\" decoding=\"async\" width=\"110\" height=\"110\" src=\"https:\/\/bombasseiautomacao.com.br\/wp-content\/uploads\/2024\/06\/Impressora-CIS-PR3000.png\" class=\"elementor-animation-grow attachment-full size-full wp-image-725\" alt=\"\" \/><\/a><\/figure><div class=\"elementor-image-box-content\"><h3 class=\"elementor-image-box-title\"><a href=\"#\">Impressora CIS PR3000<\/a><\/h3><\/div><\/div>\t\t\t\t<\/div>\n\t\t\t\t<\/div>\n\t\t\t\t<div class=\"elementor-element elementor-element-aff1c07 elementor-widget__width-initial elementor-position-top elementor-widget elementor-widget-image-box\" data-id=\"aff1c07\" data-element_type=\"widget\" data-widget_type=\"image-box.default\">\n\t\t\t\t<div class=\"elementor-widget-container\">\n\t\t\t\t\t<div class=\"elementor-image-box-wrapper\"><figure class=\"elementor-image-box-img\"><a href=\"#\" tabindex=\"-1\"><img loading=\"lazy\" decoding=\"async\" width=\"188\" height=\"175\" src=\"https:\/\/bombasseiautomacao.com.br\/wp-content\/uploads\/2024\/06\/Impressora-Sweda-Si300.png\" class=\"elementor-animation-grow attachment-full size-full wp-image-729\" alt=\"\" \/><\/a><\/figure><div class=\"elementor-image-box-content\"><h3 class=\"elementor-image-box-title\"><a href=\"#\">Impressora Sweda Si300<\/a><\/h3><\/div><\/div>\t\t\t\t<\/div>\n\t\t\t\t<\/div>\n\t\t\t\t<div class=\"elementor-element elementor-element-9580161 elementor-widget__width-initial elementor-position-top elementor-widget elementor-widget-image-box\" data-id=\"9580161\" data-element_type=\"widget\" data-widget_type=\"image-box.default\">\n\t\t\t\t<div class=\"elementor-widget-container\">\n\t\t\t\t\t<div class=\"elementor-image-box-wrapper\"><figure class=\"elementor-image-box-img\"><a href=\"#\" tabindex=\"-1\"><img loading=\"lazy\" decoding=\"async\" width=\"110\" height=\"110\" src=\"https:\/\/bombasseiautomacao.com.br\/wp-content\/uploads\/2024\/06\/Impressora-Elgin-i9.png\" class=\"elementor-animation-grow attachment-full size-full wp-image-727\" alt=\"\" \/><\/a><\/figure><div class=\"elementor-image-box-content\"><h3 class=\"elementor-image-box-title\"><a href=\"#\">Impressora Elgin i9<\/a><\/h3><\/div><\/div>\t\t\t\t<\/div>\n\t\t\t\t<\/div>\n\t\t\t\t\t<\/div>\n\t\t\t\t<\/div>\n\t\t<div data-particle_enable=\"false\" data-particle-mobile-disabled=\"false\" class=\"elementor-element elementor-element-f1a3285 e-flex e-con-boxed wpr-particle-no wpr-jarallax-no wpr-parallax-no wpr-sticky-section-no e-con e-parent\" data-id=\"f1a3285\" data-element_type=\"container\" data-settings=\"{&quot;background_background&quot;:&quot;classic&quot;}\">\n\t\t\t\t\t<div class=\"e-con-inner\">\n\t\t\t\t<div class=\"elementor-element elementor-element-8681487 elementor-widget__width-inherit elementor-widget elementor-widget-heading\" data-id=\"8681487\" data-element_type=\"widget\" data-widget_type=\"heading.default\">\n\t\t\t\t<div class=\"elementor-widget-container\">\n\t\t\t\t\t<h2 class=\"elementor-heading-title elementor-size-default\">Cupons De Exemplo<\/h2>\t\t\t\t<\/div>\n\t\t\t\t<\/div>\n\t\t\t\t<div class=\"elementor-element elementor-element-8a38583 elementor-widget__width-initial elementor-position-top elementor-widget elementor-widget-image-box\" data-id=\"8a38583\" data-element_type=\"widget\" data-widget_type=\"image-box.default\">\n\t\t\t\t<div class=\"elementor-widget-container\">\n\t\t\t\t\t<div class=\"elementor-image-box-wrapper\"><figure class=\"elementor-image-box-img\"><a href=\"#\" tabindex=\"-1\"><img loading=\"lazy\" decoding=\"async\" width=\"910\" height=\"1418\" src=\"https:\/\/bombasseiautomacao.com.br\/wp-content\/uploads\/2025\/04\/Cupom-Epson.jpg\" class=\"elementor-animation-grow attachment-full size-full wp-image-1054\" alt=\"\" srcset=\"https:\/\/bombasseiautomacao.com.br\/wp-content\/uploads\/2025\/04\/Cupom-Epson.jpg 910w, https:\/\/bombasseiautomacao.com.br\/wp-content\/uploads\/2025\/04\/Cupom-Epson-193x300.jpg 193w, https:\/\/bombasseiautomacao.com.br\/wp-content\/uploads\/2025\/04\/Cupom-Epson-657x1024.jpg 657w, https:\/\/bombasseiautomacao.com.br\/wp-content\/uploads\/2025\/04\/Cupom-Epson-768x1197.jpg 768w\" sizes=\"(max-width: 910px) 100vw, 910px\" \/><\/a><\/figure><div class=\"elementor-image-box-content\"><h3 class=\"elementor-image-box-title\"><a href=\"#\">Cupom Epson<\/a><\/h3><\/div><\/div>\t\t\t\t<\/div>\n\t\t\t\t<\/div>\n\t\t\t\t<div class=\"elementor-element elementor-element-bcca510 elementor-widget__width-initial elementor-position-top elementor-widget elementor-widget-image-box\" data-id=\"bcca510\" data-element_type=\"widget\" data-widget_type=\"image-box.default\">\n\t\t\t\t<div class=\"elementor-widget-container\">\n\t\t\t\t\t<div class=\"elementor-image-box-wrapper\"><figure class=\"elementor-image-box-img\"><a href=\"#\" tabindex=\"-1\"><img loading=\"lazy\" decoding=\"async\" width=\"910\" height=\"1969\" src=\"https:\/\/bombasseiautomacao.com.br\/wp-content\/uploads\/2025\/04\/Cupom-Bematech.jpg\" class=\"elementor-animation-grow attachment-full size-full wp-image-1051\" alt=\"\" srcset=\"https:\/\/bombasseiautomacao.com.br\/wp-content\/uploads\/2025\/04\/Cupom-Bematech.jpg 910w, https:\/\/bombasseiautomacao.com.br\/wp-content\/uploads\/2025\/04\/Cupom-Bematech-139x300.jpg 139w, https:\/\/bombasseiautomacao.com.br\/wp-content\/uploads\/2025\/04\/Cupom-Bematech-473x1024.jpg 473w, https:\/\/bombasseiautomacao.com.br\/wp-content\/uploads\/2025\/04\/Cupom-Bematech-768x1662.jpg 768w, https:\/\/bombasseiautomacao.com.br\/wp-content\/uploads\/2025\/04\/Cupom-Bematech-710x1536.jpg 710w\" sizes=\"(max-width: 910px) 100vw, 910px\" \/><\/a><\/figure><div class=\"elementor-image-box-content\"><h3 class=\"elementor-image-box-title\"><a href=\"#\">Cupom Bematech<\/a><\/h3><\/div><\/div>\t\t\t\t<\/div>\n\t\t\t\t<\/div>\n\t\t\t\t<div class=\"elementor-element elementor-element-8277b04 elementor-widget__width-initial elementor-position-top elementor-widget elementor-widget-image-box\" data-id=\"8277b04\" data-element_type=\"widget\" data-widget_type=\"image-box.default\">\n\t\t\t\t<div class=\"elementor-widget-container\">\n\t\t\t\t\t<div class=\"elementor-image-box-wrapper\"><figure class=\"elementor-image-box-img\"><a href=\"#\" tabindex=\"-1\"><img loading=\"lazy\" decoding=\"async\" width=\"838\" height=\"1670\" src=\"https:\/\/bombasseiautomacao.com.br\/wp-content\/uploads\/2025\/04\/Cupom-Daruma.jpg\" class=\"elementor-animation-grow attachment-full size-full wp-image-1052\" alt=\"\" srcset=\"https:\/\/bombasseiautomacao.com.br\/wp-content\/uploads\/2025\/04\/Cupom-Daruma.jpg 838w, https:\/\/bombasseiautomacao.com.br\/wp-content\/uploads\/2025\/04\/Cupom-Daruma-151x300.jpg 151w, https:\/\/bombasseiautomacao.com.br\/wp-content\/uploads\/2025\/04\/Cupom-Daruma-514x1024.jpg 514w, https:\/\/bombasseiautomacao.com.br\/wp-content\/uploads\/2025\/04\/Cupom-Daruma-768x1531.jpg 768w, https:\/\/bombasseiautomacao.com.br\/wp-content\/uploads\/2025\/04\/Cupom-Daruma-771x1536.jpg 771w\" sizes=\"(max-width: 838px) 100vw, 838px\" \/><\/a><\/figure><div class=\"elementor-image-box-content\"><h3 class=\"elementor-image-box-title\"><a href=\"#\">Cupom Daruma<\/a><\/h3><\/div><\/div>\t\t\t\t<\/div>\n\t\t\t\t<\/div>\n\t\t\t\t<div class=\"elementor-element elementor-element-1d3e655 elementor-widget__width-initial elementor-position-top elementor-widget elementor-widget-image-box\" data-id=\"1d3e655\" data-element_type=\"widget\" data-widget_type=\"image-box.default\">\n\t\t\t\t<div class=\"elementor-widget-container\">\n\t\t\t\t\t<div class=\"elementor-image-box-wrapper\"><figure class=\"elementor-image-box-img\"><a href=\"#\" tabindex=\"-1\"><img loading=\"lazy\" decoding=\"async\" width=\"893\" height=\"2415\" src=\"https:\/\/bombasseiautomacao.com.br\/wp-content\/uploads\/2025\/04\/Cupom-Elgin.jpg\" class=\"elementor-animation-grow attachment-full size-full wp-image-1053\" alt=\"\" srcset=\"https:\/\/bombasseiautomacao.com.br\/wp-content\/uploads\/2025\/04\/Cupom-Elgin.jpg 893w, https:\/\/bombasseiautomacao.com.br\/wp-content\/uploads\/2025\/04\/Cupom-Elgin-111x300.jpg 111w, https:\/\/bombasseiautomacao.com.br\/wp-content\/uploads\/2025\/04\/Cupom-Elgin-379x1024.jpg 379w, https:\/\/bombasseiautomacao.com.br\/wp-content\/uploads\/2025\/04\/Cupom-Elgin-768x2077.jpg 768w, https:\/\/bombasseiautomacao.com.br\/wp-content\/uploads\/2025\/04\/Cupom-Elgin-568x1536.jpg 568w, https:\/\/bombasseiautomacao.com.br\/wp-content\/uploads\/2025\/04\/Cupom-Elgin-757x2048.jpg 757w\" sizes=\"(max-width: 893px) 100vw, 893px\" \/><\/a><\/figure><div class=\"elementor-image-box-content\"><h3 class=\"elementor-image-box-title\"><a href=\"#\">Cupom Elgin<\/a><\/h3><\/div><\/div>\t\t\t\t<\/div>\n\t\t\t\t<\/div>\n\t\t\t\t\t<\/div>\n\t\t\t\t<\/div>\n\t\t\t\t<\/div>\n\t\t","protected":false},"excerpt":{"rendered":"<p>iNFCe Cupom Fiscal EST\u00c1 OBRIGADO A EMITIR CUPOM FISCAL?N\u00c3O QUER USAR COMPUTADOR (CAROS) QUE PEGAM V\u00cdRUS?N\u00c3O TEM MUITO ESPA\u00c7O PARA COLOCAR O CHECKOUT? Procurando por uma solu\u00e7\u00e3o FISCAL para operar com\u00a0CUPOM FISCAL, que seja SIMPLES e F\u00c1CIL de OPERAR para controlar seu neg\u00f3cio e ainda n\u00e3o ter que pagar MENSALIDADE como os programas para Computador, [&hellip;]<\/p>\n","protected":false},"author":2,"featured_media":0,"parent":0,"menu_order":0,"comment_status":"closed","ping_status":"closed","template":"elementor_canvas","meta":{"_joinchat":[],"footnotes":""},"class_list":["post-1032","page","type-page","status-publish","hentry"],"_links":{"self":[{"href":"https:\/\/bombasseiautomacao.com.br\/index.php\/wp-json\/wp\/v2\/pages\/1032","targetHints":{"allow":["GET"]}}],"collection":[{"href":"https:\/\/bombasseiautomacao.com.br\/index.php\/wp-json\/wp\/v2\/pages"}],"about":[{"href":"https:\/\/bombasseiautomacao.com.br\/index.php\/wp-json\/wp\/v2\/types\/page"}],"author":[{"embeddable":true,"href":"https:\/\/bombasseiautomacao.com.br\/index.php\/wp-json\/wp\/v2\/users\/2"}],"replies":[{"embeddable":true,"href":"https:\/\/bombasseiautomacao.com.br\/index.php\/wp-json\/wp\/v2\/comments?post=1032"}],"version-history":[{"count":21,"href":"https:\/\/bombasseiautomacao.com.br\/index.php\/wp-json\/wp\/v2\/pages\/1032\/revisions"}],"predecessor-version":[{"id":1060,"href":"https:\/\/bombasseiautomacao.com.br\/index.php\/wp-json\/wp\/v2\/pages\/1032\/revisions\/1060"}],"wp:attachment":[{"href":"https:\/\/bombasseiautomacao.com.br\/index.php\/wp-json\/wp\/v2\/media?parent=1032"}],"curies":[{"name":"wp","href":"https:\/\/api.w.org\/{rel}","templated":true}]}}