{"id":10,"date":"2017-01-13T11:52:02","date_gmt":"2017-01-13T11:52:02","guid":{"rendered":"http:\/\/bombasseiautomacao.com.br\/?page_id=10"},"modified":"2024-06-19T16:19:15","modified_gmt":"2024-06-19T16:19:15","slug":"servicos","status":"publish","type":"page","link":"https:\/\/bombasseiautomacao.com.br\/index.php\/servicos\/","title":{"rendered":"Servi\u00e7os"},"content":{"rendered":"\t\t<div data-elementor-type=\"wp-page\" data-elementor-id=\"10\" class=\"elementor elementor-10\">\n\t\t\t\t<div data-particle_enable=\"false\" data-particle-mobile-disabled=\"false\" class=\"elementor-element elementor-element-649cf90 e-flex e-con-boxed wpr-particle-no wpr-jarallax-no wpr-parallax-no wpr-sticky-section-no e-con e-parent\" data-id=\"649cf90\" data-element_type=\"container\" data-settings=\"{&quot;background_background&quot;:&quot;classic&quot;}\">\n\t\t\t\t\t<div class=\"e-con-inner\">\n\t\t\t\t<div class=\"elementor-element elementor-element-571135b elementor-widget__width-inherit elementor-widget elementor-widget-heading\" data-id=\"571135b\" data-element_type=\"widget\" data-widget_type=\"heading.default\">\n\t\t\t\t<div class=\"elementor-widget-container\">\n\t\t\t\t\t<h2 class=\"elementor-heading-title elementor-size-default\">Nossos Servi\u00e7os<\/h2>\t\t\t\t<\/div>\n\t\t\t\t<\/div>\n\t\t\t\t<div class=\"elementor-element elementor-element-9c351b5 elementor-widget__width-initial elementor-position-left elementor-vertical-align-middle elementor-widget elementor-widget-image-box\" data-id=\"9c351b5\" data-element_type=\"widget\" data-widget_type=\"image-box.default\">\n\t\t\t\t<div class=\"elementor-widget-container\">\n\t\t\t\t\t<div class=\"elementor-image-box-wrapper\"><figure class=\"elementor-image-box-img\"><a href=\"#\" tabindex=\"-1\"><img fetchpriority=\"high\" decoding=\"async\" width=\"1000\" height=\"1000\" src=\"https:\/\/bombasseiautomacao.com.br\/wp-content\/uploads\/2024\/06\/1063584165.jpg\" class=\"elementor-animation-grow attachment-full size-full wp-image-402\" alt=\"\" srcset=\"https:\/\/bombasseiautomacao.com.br\/wp-content\/uploads\/2024\/06\/1063584165.jpg 1000w, https:\/\/bombasseiautomacao.com.br\/wp-content\/uploads\/2024\/06\/1063584165-300x300.jpg 300w, https:\/\/bombasseiautomacao.com.br\/wp-content\/uploads\/2024\/06\/1063584165-150x150.jpg 150w, https:\/\/bombasseiautomacao.com.br\/wp-content\/uploads\/2024\/06\/1063584165-768x768.jpg 768w\" sizes=\"(max-width: 1000px) 100vw, 1000px\" \/><\/a><\/figure><div class=\"elementor-image-box-content\"><h3 class=\"elementor-image-box-title\"><a href=\"#\">IMPRESSORAS<\/a><\/h3><p class=\"elementor-image-box-description\">Revis\u00e3o e limpeza completa do equipamento<br>\nLubrifica\u00e7\u00e3o e ajustes necess\u00e1rios<br>\nTroca da cabe\u00e7a de impress\u00e3o<br>\nTroca do flat-cable<br>\nTroca e conserto da placa l\u00f3gica<br>\nTroca e conserto de placa fonte\n\n<\/p><\/div><\/div>\t\t\t\t<\/div>\n\t\t\t\t<\/div>\n\t\t\t\t<div class=\"elementor-element elementor-element-5b9441e elementor-widget__width-initial elementor-position-left elementor-vertical-align-middle elementor-widget elementor-widget-image-box\" data-id=\"5b9441e\" data-element_type=\"widget\" data-widget_type=\"image-box.default\">\n\t\t\t\t<div class=\"elementor-widget-container\">\n\t\t\t\t\t<div class=\"elementor-image-box-wrapper\"><figure class=\"elementor-image-box-img\"><a href=\"#\" tabindex=\"-1\"><img decoding=\"async\" width=\"350\" height=\"265\" src=\"https:\/\/bombasseiautomacao.com.br\/wp-content\/uploads\/2024\/06\/expert_rest_mini.png\" class=\"elementor-animation-grow attachment-full size-full wp-image-760\" alt=\"\" srcset=\"https:\/\/bombasseiautomacao.com.br\/wp-content\/uploads\/2024\/06\/expert_rest_mini.png 350w, https:\/\/bombasseiautomacao.com.br\/wp-content\/uploads\/2024\/06\/expert_rest_mini-300x227.png 300w\" sizes=\"(max-width: 350px) 100vw, 350px\" \/><\/a><\/figure><div class=\"elementor-image-box-content\"><h3 class=\"elementor-image-box-title\"><a href=\"#\">MICROTERMINAIS<\/a><\/h3><p class=\"elementor-image-box-description\">Revis\u00e3o no Teclado<br>\nTroca ou Conserto de placa l\u00f3gica<br>\nTroca ou Conserto de Placa Fonte<br>\nCarga ou Troca de Vers\u00e3o de Software<br>\nImplanta\u00e7\u00e3o\/Instala\u00e7\u00e3o de Novos c\u00f3digos de Produtos\n<br>\u3164<\/p><\/div><\/div>\t\t\t\t<\/div>\n\t\t\t\t<\/div>\n\t\t\t\t\t<\/div>\n\t\t\t\t<\/div>\n\t\t\t\t<\/div>\n\t\t","protected":false},"excerpt":{"rendered":"<p>Nossos Servi\u00e7os IMPRESSORAS Revis\u00e3o e limpeza completa do equipamento Lubrifica\u00e7\u00e3o e ajustes necess\u00e1rios Troca da cabe\u00e7a de impress\u00e3o Troca do flat-cable Troca e conserto da placa l\u00f3gica Troca e conserto de placa fonte MICROTERMINAIS Revis\u00e3o no Teclado Troca ou Conserto de placa l\u00f3gica Troca ou Conserto de Placa Fonte Carga ou Troca de Vers\u00e3o de [&hellip;]<\/p>\n","protected":false},"author":1,"featured_media":0,"parent":0,"menu_order":0,"comment_status":"closed","ping_status":"closed","template":"elementor_canvas","meta":{"_joinchat":[],"footnotes":""},"class_list":["post-10","page","type-page","status-publish","hentry"],"_links":{"self":[{"href":"https:\/\/bombasseiautomacao.com.br\/index.php\/wp-json\/wp\/v2\/pages\/10","targetHints":{"allow":["GET"]}}],"collection":[{"href":"https:\/\/bombasseiautomacao.com.br\/index.php\/wp-json\/wp\/v2\/pages"}],"about":[{"href":"https:\/\/bombasseiautomacao.com.br\/index.php\/wp-json\/wp\/v2\/types\/page"}],"author":[{"embeddable":true,"href":"https:\/\/bombasseiautomacao.com.br\/index.php\/wp-json\/wp\/v2\/users\/1"}],"replies":[{"embeddable":true,"href":"https:\/\/bombasseiautomacao.com.br\/index.php\/wp-json\/wp\/v2\/comments?post=10"}],"version-history":[{"count":20,"href":"https:\/\/bombasseiautomacao.com.br\/index.php\/wp-json\/wp\/v2\/pages\/10\/revisions"}],"predecessor-version":[{"id":994,"href":"https:\/\/bombasseiautomacao.com.br\/index.php\/wp-json\/wp\/v2\/pages\/10\/revisions\/994"}],"wp:attachment":[{"href":"https:\/\/bombasseiautomacao.com.br\/index.php\/wp-json\/wp\/v2\/media?parent=10"}],"curies":[{"name":"wp","href":"https:\/\/api.w.org\/{rel}","templated":true}]}}